{"id":8096,"date":"2017-02-10T12:01:04","date_gmt":"2017-02-10T17:01:04","guid":{"rendered":"https:\/\/globewomen.org\/globalsummit\/?page_id=8096"},"modified":"2022-01-05T14:46:27","modified_gmt":"2022-01-05T19:46:27","slug":"2009-host-committee","status":"publish","type":"page","link":"https:\/\/globewomen.org\/globalsummit\/2009-global-summit-of-women-santiago-update\/2009-host-committee\/","title":{"rendered":"2009 Host Committee"},"content":{"rendered":"<h4 style=\"text-align: center;\"><strong><img loading=\"lazy\" decoding=\"async\" class=\"alignleft wp-image-43835 size-thumbnail\" src=\"https:\/\/globewomen.org\/globalsummit\/wp-content\/uploads\/2021\/12\/summit-logoTRANSPARENTbackground-150x150.png\" alt=\"\" width=\"150\" height=\"150\" srcset=\"https:\/\/globewomen.org\/globalsummit\/wp-content\/uploads\/2021\/12\/summit-logoTRANSPARENTbackground-150x150.png 150w, https:\/\/globewomen.org\/globalsummit\/wp-content\/uploads\/2021\/12\/summit-logoTRANSPARENTbackground-80x80.png 80w, https:\/\/globewomen.org\/globalsummit\/wp-content\/uploads\/2021\/12\/summit-logoTRANSPARENTbackground-320x320.png 320w\" sizes=\"auto, (max-width: 150px) 100vw, 150px\" \/>Esperanza Cueto<img loading=\"lazy\" decoding=\"async\" class=\"wp-image-43835 size-thumbnail alignright\" src=\"https:\/\/globewomen.org\/globalsummit\/wp-content\/uploads\/2021\/12\/summit-logoTRANSPARENTbackground-150x150.png\" alt=\"\" width=\"150\" height=\"150\" srcset=\"https:\/\/globewomen.org\/globalsummit\/wp-content\/uploads\/2021\/12\/summit-logoTRANSPARENTbackground-150x150.png 150w, https:\/\/globewomen.org\/globalsummit\/wp-content\/uploads\/2021\/12\/summit-logoTRANSPARENTbackground-80x80.png 80w, https:\/\/globewomen.org\/globalsummit\/wp-content\/uploads\/2021\/12\/summit-logoTRANSPARENTbackground-320x320.png 320w\" sizes=\"auto, (max-width: 150px) 100vw, 150px\" \/><\/strong><br \/>\nPresidenta Comunidad Mujer<\/h4>\n<h4 style=\"text-align: center;\"><strong>Carolina Eterovic y Francisca Valdez<\/strong><br \/>\nMujer Empresaria<\/h4>\n<h4 style=\"text-align: center;\"><strong>Carmen Gloria Gorigoitia\u00a0<\/strong><br \/>\nDirectora General, Mundo Mujer<\/h4>\n<h4 style=\"text-align: center;\"><strong>Isabel Infante Barrios<\/strong><br \/>\nDirector General, FINAM Chile<\/h4>\n<h4 style=\"text-align: center;\"><strong>Carla Torres<\/strong><br \/>\nJ\u00f3venes L\u00edderes<\/h4>\n<h4 style=\"text-align: center;\"><strong>M\u00f3nica<\/strong> <strong>Rubio<\/strong><br \/>\nPresidenta Foro de Mujeres, Chile<\/h4>\n<h4 style=\"text-align: center;\"><strong>Veronica L\u00f3pez<\/strong><br \/>\nDirecci\u00f3n de Desarrollo, Univ. Alberto Hurtado y Fundadora Revista Cosas<\/h4>\n<h4 style=\"text-align: center;\"><strong>B\u00e1rbara Trosko Kozeak<\/strong><br \/>\nVice Presidenta Asociaci\u00f3n Internacional de Mujeres Profesionales<\/h4>\n<h4 style=\"text-align: center;\"><strong>Josefina Correa<\/strong><br \/>\nGerenta Clientes L\u00edder<\/h4>\n<h4 style=\"text-align: center;\"><strong>Marie-Laure Charles<\/strong><br \/>\nDirectora General, Thales Chile<\/h4>\n<h4 style=\"text-align: center;\"><strong>M\u00f3nica Lobos<\/strong><br \/>\nDirectora Nacional CONUPIA<\/h4>\n<h4 style=\"text-align: center;\"><strong>Patricia Araneda<\/strong><br \/>\nVicepresidenta EMPREMUJER<\/h4>\n<h4 style=\"text-align: center;\"><strong>Claudia Albertini<\/strong><br \/>\nAsesora Confederaci\u00f3n de la Producci\u00f3n y el Comercio<\/h4>\n<h4 style=\"text-align: center;\"><strong>Vitalia Echeverr\u00eda<\/strong><br \/>\nDirectora Nacional CONAPYME<\/h4>\n<h4 style=\"text-align: center;\"><strong>Inah\u00ed Llamazares<\/strong><br \/>\nGerenta de Recursos Humanos IBM<\/h4>\n<h4 style=\"text-align: center;\"><strong>Carmen Ponce<\/strong><br \/>\nDirectora SERCOTEC Regi\u00f3n Metropolitana<\/h4>\n<h4 style=\"text-align: center;\"><strong>Mar\u00eda Eugenia Gonz\u00e1lez<\/strong><br \/>\nDirectora INDAP Regi\u00f3n Metropolitana<\/h4>\n<h4 style=\"text-align: center;\"><strong>Roberto Castro<\/strong><br \/>\nDirector CORFO. Regi\u00f3n Metropolitana<\/h4>\n<h4 style=\"text-align: center;\"><strong>Marcela Gonz\u00e1lez<\/strong><br \/>\nCoordinadora Prochile. Regi\u00f3n Metropolitana.<\/h4>\n<h4 style=\"text-align: center;\"><strong>Anita de Aguirre<\/strong><br \/>\nDirectora Direcci\u00f3n de Chilenos en el Exterior, Ministerio de Relaciones Exteriores<\/h4>\n","protected":false},"excerpt":{"rendered":"<p>Esperanza Cueto Presidenta Comunidad Mujer Carolina Eterovic y Francisca Valdez Mujer Empresaria Carmen Gloria Gorigoitia\u00a0 Directora General, Mundo Mujer Isabel Infante Barrios Director General, FINAM Chile Carla Torres J\u00f3venes L\u00edderes M\u00f3nica Rubio Presidenta Foro&#46;&#46;&#46;<\/p>\n","protected":false},"author":1,"featured_media":0,"parent":8029,"menu_order":0,"comment_status":"closed","ping_status":"closed","template":"","meta":{"footnotes":""},"class_list":["post-8096","page","type-page","status-publish","hentry"],"_links":{"self":[{"href":"https:\/\/globewomen.org\/globalsummit\/wp-json\/wp\/v2\/pages\/8096","targetHints":{"allow":["GET"]}}],"collection":[{"href":"https:\/\/globewomen.org\/globalsummit\/wp-json\/wp\/v2\/pages"}],"about":[{"href":"https:\/\/globewomen.org\/globalsummit\/wp-json\/wp\/v2\/types\/page"}],"author":[{"embeddable":true,"href":"https:\/\/globewomen.org\/globalsummit\/wp-json\/wp\/v2\/users\/1"}],"replies":[{"embeddable":true,"href":"https:\/\/globewomen.org\/globalsummit\/wp-json\/wp\/v2\/comments?post=8096"}],"version-history":[{"count":5,"href":"https:\/\/globewomen.org\/globalsummit\/wp-json\/wp\/v2\/pages\/8096\/revisions"}],"predecessor-version":[{"id":44388,"href":"https:\/\/globewomen.org\/globalsummit\/wp-json\/wp\/v2\/pages\/8096\/revisions\/44388"}],"up":[{"embeddable":true,"href":"https:\/\/globewomen.org\/globalsummit\/wp-json\/wp\/v2\/pages\/8029"}],"wp:attachment":[{"href":"https:\/\/globewomen.org\/globalsummit\/wp-json\/wp\/v2\/media?parent=8096"}],"curies":[{"name":"wp","href":"https:\/\/api.w.org\/{rel}","templated":true}]}}