{"id":8081,"date":"2017-02-10T11:28:39","date_gmt":"2017-02-10T16:28:39","guid":{"rendered":"https:\/\/globewomen.org\/globalsummit\/?page_id=8081"},"modified":"2023-08-09T12:00:04","modified_gmt":"2023-08-09T16:00:04","slug":"2009-global-members-and-international-partners","status":"publish","type":"page","link":"https:\/\/globewomen.org\/globalsummit\/2009-global-summit-of-women-santiago-update\/2009-global-members-and-international-partners\/","title":{"rendered":"2009 Global Members and International Partners"},"content":{"rendered":"<h1 style=\"text-align: center;\">Global Members<\/h1>\n<p style=\"text-align: center;\">American Association of University Women (AAUW), USA<\/p>\n<p style=\"text-align: center;\">Asociaci\u00f3n Mexicana de Mujeres Empresarias (AMMJE), MEXICO<\/p>\n<p style=\"text-align: center;\">Asociaci\u00f3n de Mujeres Empresarias del Per\u00fa (AMEP), PER\u00da<\/p>\n<p style=\"text-align: center;\">Business and Professional Women, GERMANY<\/p>\n<p style=\"text-align: center;\">C\u00e1mara de Comercio de Guatemala, GUATEMALA<\/p>\n<p style=\"text-align: center;\">European Women\u2019s Management Development International Network (EWMD), AUSTRIA, HQTRS.<\/p>\n<p style=\"text-align: center;\">Eve-Olution, USA, HQTRS<\/p>\n<p style=\"text-align: center;\">Global Enhancement of Women&#8217;s Executive Leadership (GEWEL), JAPAN<\/p>\n<p style=\"text-align: center;\">International Federation of Business and Professional Women (BPW INTL), USA, HQTRS.<\/p>\n<p style=\"text-align: center;\">Jordan Forum for Business &amp; Professional Women (BPW Jordan), JORDAN<\/p>\n<p style=\"text-align: center;\">LIDERE, LATVIA<\/p>\n<p style=\"text-align: center;\">Michigan Association for Female Entrepreneurs (MAFE), USA<\/p>\n<p style=\"text-align: center;\">National Association of Women Business Owners (NAWBO), USA<\/p>\n<p style=\"text-align: center;\">Soroptimist International of the Americas, USA<\/p>\n<p style=\"text-align: center;\">The International Alliance for Women (TIAW), CANADA, HQTRS.<\/p>\n<p style=\"text-align: center;\">Vietnam Chamber of Commerce and Industry (VCCI), VIETNAM<\/p>\n<p style=\"text-align: center;\">Women Presidents&#8217; Organization (WPO), USA, HQTRS.<\/p>\n<p style=\"text-align: center;\">Women&#8217;s Business Chamber\/ C\u00e1mara Empresarial de Mujeres del Uruguay (CEMU), URUGUAY<\/p>\n<h1 style=\"text-align: center;\"><\/h1>\n<h1 style=\"text-align: center;\">International Partners<\/h1>\n<table style=\"height: 1450px;\" width=\"618\">\n<tbody>\n<tr>\n<td>Across Cultures, USA<\/p>\n<p>Afghan Women&#8217;s Business Federation (AWBF), AFGHANISTAN<\/p>\n<p>African Alliance for Women\u2019s Empowerment, EGYPT<\/p>\n<p>African Business Women\u2019s Network, NIGERIA<\/p>\n<p>Arab-American Women\u2019s Business Council (AAWBC), USA<\/p>\n<p>Asian Centre for Entrepreneurial Initiatives (ASCENT), INDIA<\/p>\n<p>Asian Women In Business, USA<\/p>\n<p>Asian Women Leadership Network (AWLN), USA<\/p>\n<p>Asociaci\u00f3n Argentina de Empresarias (ASEM)<\/p>\n<p>Asociaci\u00f3n Iberoamericano de Mujeres Empresarias (AIME), ARGENTINA<\/p>\n<p>Asociaci\u00f3n Latino Americana de Dise\u00f1o (ALADI), ARGENTINA<\/p>\n<p>Asociaci\u00f3n Peruana Mujeres Industriales del Sur (MISUR-PERU), PERU<\/p>\n<p>Association des Femmes Chefs D&#8217;entreprise, BURKINA FASO<\/p>\n<p>Association des Femmes D\u2019affaires de Congo (AFAC), D.R. CONGO<\/p>\n<p>Association des Femmes Entrepreneurs de Guin\u00e9e (AFEG), GUINEA<\/p>\n<p>Association pour la Femme des Droits de la Femme et de L\u2019Enfant (ADDFE), GABON<\/p>\n<p>Association pour la Promotion Durable de la Femme D\u00e9favoris\u00e9e (APDFD), TOGO<\/p>\n<p>Australian Businesswomen\u2019s Network Bangladesh<\/p>\n<p>Women Chamber of Commerce and Industry (BWCCI)<\/p>\n<p>Beijing Women&#8217;s Federation, CHINA<\/p>\n<p>BPW Bermuda British Association of Women Entrepreneurs (BAWE), UK<\/p>\n<p>Business and Professional Women&#8217;s Club of Port Moresby (BPW Papua), PAPUA NEW GUINEA<\/p>\n<p>Capitaci\u00f3n Empresaria, ARGENTINA China Association of Women Entrepreneurs (CAWE) China<\/p>\n<p>NGO Network for International Exchanges (CNIE) Chittagong<\/p>\n<p>Women Chamber of Commerce &amp; Industry (CWCCI), BANGLADESH<\/p>\n<p>Comisi\u00f3n de Mujeres de la Industria de la Alta Tecnolog\u00eda (COMIAT)<\/p>\n<p>Connected-Women.com, ICELAND<\/p>\n<p>Consortium of Women Entrepreneurs of India (CWEI) Dirigeantes, FRANCE<\/p>\n<p>Egyptian Business Women Association (EBWA)<\/p>\n<p>El Congreso Permanente De Mujeres Empresarias De Nicaragua (CPMEN), NICARAGUA<\/p>\n<p>Empowering Women Empowering Society, JAPAN<\/td>\n<td>European Academy for Women in Politics and Economy (EAF), GERMANY<\/p>\n<p>European Professional Women&#8217;s Network (EPWN), FRANCE<\/p>\n<p>ExpatWomen.com, AUSTRALIA, HQTRS.<\/p>\n<p><span style=\"font-family: inherit; font-size: inherit;\">Fane Foundation, NIGERIA <\/span><\/p>\n<p><span style=\"font-family: inherit; font-size: inherit;\">Federaci\u00f3n Mujeres Empresarias de Venezuela (FEDEMEV), VENEZUELA<\/span><\/p>\n<p><span style=\"font-family: inherit; font-size: inherit;\">Global Women Investors and Innovators Network (GWIIN), UK<br \/>\n<\/span><\/p>\n<p>Hispanic Business Women&#8217;s Alliance, PUERTO RICO<\/p>\n<p>Integrated Social Development Effort Bangladesh (ISDE), BANGLADESH<\/p>\n<p>Leading Women of Africa, SOUTH AFRICA<\/p>\n<p>Movimiento Femenino Indo-Iberoamericano Senti-Pensante (MOFISP), BOLIVIA<\/p>\n<p>Mujer Emprende, MEXICO<\/p>\n<p>Mujeres de Negocios y Profesionales de Panama (BPW Panama)<\/p>\n<p>Namibia Women Summit, NAMIBIA<\/p>\n<p>National Association for Female Executives (NAFE), USA<\/p>\n<p>Organizaci\u00f3n Argentina de Mujeres Empresarias (OAME), ARGENTINA<\/p>\n<p>Organizaci\u00f3n para el Desarrollo Empresarial Femenino Financiera S.A., HONDURAS<\/p>\n<p>Organization of Women in International Trade (OWIT), USA<\/p>\n<p>Professional Women International, Belgium (PWI), BELGIUM<\/p>\n<p>Prowess, UK<\/p>\n<p>Roma Women&#8217;s Association (RWAR), ROMANIA<\/p>\n<p>The Committee of 20, RUSSIA<\/p>\n<p>Women Business Owners, JAMAICA<\/p>\n<p>Women Entrepreneurs Association of Turkey (KAGIDER), TURKEY<\/p>\n<p>Women In Technology International (WITI), USA<\/p>\n<p>Women on Boards Initiative Berlin, GERMANY<\/p>\n<p>Women\u2019s Business Council Philippines (WBCP), PHILIPPINES<\/p>\n<p>Women&#8217;s Business Group, SURINAME<\/p>\n<p>Women&#8217;s Enterprise Centre of Manitoba, CANADA<\/p>\n<p>Women&#8217;s Leadership Exchange (WLE), USA<\/p>\n<p>Women&#8217;s Rural Entrepreneurial Network (WREN), USA<\/p>\n<p>World Association for Small and Medium Enterprises (WASME), INDIA<\/td>\n<\/tr>\n<\/tbody>\n<\/table>\n","protected":false},"excerpt":{"rendered":"<p>Global Members American Association of University Women (AAUW), USA Asociaci\u00f3n Mexicana de Mujeres Empresarias (AMMJE), MEXICO Asociaci\u00f3n de Mujeres Empresarias del Per\u00fa (AMEP), PER\u00da Business and Professional Women, GERMANY C\u00e1mara de Comercio de Guatemala,&#46;&#46;&#46;<\/p>\n","protected":false},"author":1,"featured_media":0,"parent":8029,"menu_order":0,"comment_status":"closed","ping_status":"closed","template":"","meta":{"footnotes":""},"class_list":["post-8081","page","type-page","status-publish","hentry"],"_links":{"self":[{"href":"https:\/\/globewomen.org\/globalsummit\/wp-json\/wp\/v2\/pages\/8081","targetHints":{"allow":["GET"]}}],"collection":[{"href":"https:\/\/globewomen.org\/globalsummit\/wp-json\/wp\/v2\/pages"}],"about":[{"href":"https:\/\/globewomen.org\/globalsummit\/wp-json\/wp\/v2\/types\/page"}],"author":[{"embeddable":true,"href":"https:\/\/globewomen.org\/globalsummit\/wp-json\/wp\/v2\/users\/1"}],"replies":[{"embeddable":true,"href":"https:\/\/globewomen.org\/globalsummit\/wp-json\/wp\/v2\/comments?post=8081"}],"version-history":[{"count":3,"href":"https:\/\/globewomen.org\/globalsummit\/wp-json\/wp\/v2\/pages\/8081\/revisions"}],"predecessor-version":[{"id":56995,"href":"https:\/\/globewomen.org\/globalsummit\/wp-json\/wp\/v2\/pages\/8081\/revisions\/56995"}],"up":[{"embeddable":true,"href":"https:\/\/globewomen.org\/globalsummit\/wp-json\/wp\/v2\/pages\/8029"}],"wp:attachment":[{"href":"https:\/\/globewomen.org\/globalsummit\/wp-json\/wp\/v2\/media?parent=8081"}],"curies":[{"name":"wp","href":"https:\/\/api.w.org\/{rel}","templated":true}]}}