{"id":77539,"date":"2026-04-14T11:15:21","date_gmt":"2026-04-14T15:15:21","guid":{"rendered":"https:\/\/globewomen.org\/globalsummit\/?page_id=77539"},"modified":"2026-04-14T11:54:45","modified_gmt":"2026-04-14T15:54:45","slug":"2026-post-summit-tour","status":"publish","type":"page","link":"https:\/\/globewomen.org\/globalsummit\/2026-post-summit-tour\/","title":{"rendered":""},"content":{"rendered":"<div id=\"pl-gb77539-69e1c73487815\"  class=\"panel-layout wp-block-siteorigin-panels-layout-block\" ><div id=\"pg-gb77539-69e1c73487815-0\"  class=\"panel-grid panel-no-style\" ><div id=\"pgc-gb77539-69e1c73487815-0-0\"  class=\"panel-grid-cell\" ><div id=\"panel-gb77539-69e1c73487815-0-0-0\" class=\"so-panel widget widget_sow-editor panel-first-child panel-last-child\" data-index=\"0\" ><div\n\t\t\t\n\t\t\tclass=\"so-widget-sow-editor so-widget-sow-editor-base\"\n\t\t\t\n\t\t>\n<div class=\"siteorigin-widget-tinymce textwidget\">\n\t<h1 style=\"text-align: center;\"><span style=\"color: #000080;\">2026 Post-Summit Tour: <em>\u0130zmir City &amp; Ephesus &amp; Sigacik &amp; Urla<\/em><\/span><\/h1>\n<h3 style=\"text-align: center;\"><em><strong><span style=\"color: #800080;\">Continue your Summit networking on an exclusive tour for Summit delegates to experience Turkiye&#8217;s cultural and historical centers<\/span><\/strong><\/em><\/h3>\n<p><span style=\"text-decoration: underline; color: #000000;\"><strong>Day 1 \u2013 June 7, 2026 | Istanbul \u2013 \u0130zmir City Tour<\/strong><\/span><\/p>\n<p><span style=\"color: #000000;\">At 06:00 in the morning, guests will be picked up from <strong>Hilton Istanbul Bomonti Hotel &amp; Conference Center<\/strong><\/span><br \/>\n<span style=\"color: #000000;\">and transferred to Istanbul Airport.<\/span><br \/>\n<span style=\"color: #000000;\">At 09:00, departure from Istanbul with a Pegasus Airlines flight, arriving in \u0130zmir at 10:10.<\/span><br \/>\n<span style=\"color: #000000;\">Upon arrival, the group will be transferred to the city center and the \u0130zmir city tour will begin. The program<\/span><br \/>\n<span style=\"color: #000000;\">includes:<\/span><br \/>\n<span style=\"color: #000000;\">\u2022 Visit to \u0130zmir Agora (Historical Agora)<\/span><br \/>\n<span style=\"color: #000000;\">\u2022 Walking tour in Kemeralt\u0131 Bazaar<\/span><br \/>\n<span style=\"color: #000000;\">\u2022 Visit to K\u0131zlara\u011fas\u0131 Inn<\/span><\/p>\n<h3 style=\"text-align: center;\"><img loading=\"lazy\" decoding=\"async\" class=\"aligncenter wp-image-77542\" src=\"https:\/\/globewomen.org\/globalsummit\/wp-content\/uploads\/2026\/04\/Tour-Day-1.png\" alt=\"\" width=\"718\" height=\"227\" srcset=\"https:\/\/globewomen.org\/globalsummit\/wp-content\/uploads\/2026\/04\/Tour-Day-1.png 617w, https:\/\/globewomen.org\/globalsummit\/wp-content\/uploads\/2026\/04\/Tour-Day-1-300x95.png 300w, https:\/\/globewomen.org\/globalsummit\/wp-content\/uploads\/2026\/04\/Tour-Day-1-520x164.png 520w, https:\/\/globewomen.org\/globalsummit\/wp-content\/uploads\/2026\/04\/Tour-Day-1-320x101.png 320w\" sizes=\"auto, (max-width: 718px) 100vw, 718px\" \/><\/h3>\n<p><span style=\"text-decoration: underline; color: #000000;\"><strong>Day 2 \u2013 June 8, 2026 | \u0130zmir \u2013 Ephesus- House of the Virgin Mary-Sirince Village<\/strong><\/span><\/p>\n<p><span style=\"color: #000000;\">The tour program includes the following visits:<\/span><br \/>\n<span style=\"color: #000000;\">\u2022 Ephesus Ancient City<\/span><br \/>\n<span style=\"color: #000000;\">\u2022 Ephesus Terrace Houses<\/span><br \/>\n<span style=\"color: #000000;\">\u2022 Ephesus Experience Museum<\/span><br \/>\n<span style=\"color: #000000;\">\u2022 The Temple of Artemis (Artemision)<\/span><br \/>\n<span style=\"color: #000000;\">\u2022 Visit to the House of Virgin Mary<\/span><br \/>\n<span style=\"color: #000000;\">\u2022 \u015eirince Village<\/span><\/p>\n<p style=\"text-align: center;\"><img loading=\"lazy\" decoding=\"async\" class=\"aligncenter  wp-image-77544\" src=\"https:\/\/globewomen.org\/globalsummit\/wp-content\/uploads\/2026\/04\/Tour-Day-2.png\" alt=\"\" width=\"693\" height=\"228\" srcset=\"https:\/\/globewomen.org\/globalsummit\/wp-content\/uploads\/2026\/04\/Tour-Day-2.png 632w, https:\/\/globewomen.org\/globalsummit\/wp-content\/uploads\/2026\/04\/Tour-Day-2-300x99.png 300w, https:\/\/globewomen.org\/globalsummit\/wp-content\/uploads\/2026\/04\/Tour-Day-2-520x171.png 520w, https:\/\/globewomen.org\/globalsummit\/wp-content\/uploads\/2026\/04\/Tour-Day-2-320x105.png 320w\" sizes=\"auto, (max-width: 693px) 100vw, 693px\" \/><\/p>\n<p><span style=\"text-decoration: underline;\"><strong><span style=\"color: #000000; text-decoration: underline;\">Day 3 \u2013 June 9, 2026 | \u0130zmir \u2013 S\u0131\u011fac\u0131k \u2013 Urla \u2013 Istanbul<\/span><\/strong><\/span><\/p>\n<p><span style=\"color: #000000;\">After breakfast at the hotel, guests will complete the check-out process, and we will load our luggage onto the<\/span><br \/>\n<span style=\"color: #000000;\">vehicle before heading to S\u0131\u011fac\u0131k, one of \u0130zmir\u2019s charming coastal towns in <strong>Seferihisar<\/strong>.<\/span><\/p>\n<p><span style=\"color: #000000;\">After a pleasant day, we will proceed to \u0130zmir Airport and complete our check-in procedures.<\/span><br \/>\n<span style=\"color: #000000;\">At 19:40, departure to Istanbul with a Pegasus Airlines flight.<\/span><br \/>\n<span style=\"color: #000000;\">Arrival in Istanbul at 20:55, marking the end of our tour.<\/span><\/p>\n<p><img loading=\"lazy\" decoding=\"async\" class=\"aligncenter  wp-image-77545\" src=\"https:\/\/globewomen.org\/globalsummit\/wp-content\/uploads\/2026\/04\/tour-cost.png\" alt=\"\" width=\"933\" height=\"122\" srcset=\"https:\/\/globewomen.org\/globalsummit\/wp-content\/uploads\/2026\/04\/tour-cost.png 650w, https:\/\/globewomen.org\/globalsummit\/wp-content\/uploads\/2026\/04\/tour-cost-300x39.png 300w, https:\/\/globewomen.org\/globalsummit\/wp-content\/uploads\/2026\/04\/tour-cost-520x68.png 520w, https:\/\/globewomen.org\/globalsummit\/wp-content\/uploads\/2026\/04\/tour-cost-320x42.png 320w\" sizes=\"auto, (max-width: 933px) 100vw, 933px\" \/><\/p>\n<p><span style=\"color: #ff0000;\">This offer is valid until April 30. For reservations made <\/span><span style=\"color: #ff0000;\">after this deadline, any applicable airfare differences will be added to the total price.<\/span><\/p>\n<p style=\"text-align: center;\"><a href=\"https:\/\/globewomen.org\/globalsummit\/wp-content\/uploads\/2026\/04\/TOUR-RESERVATION-FORM-1.pdf\"><img loading=\"lazy\" decoding=\"async\" class=\"aligncenter wp-image-67012 size-full\" src=\"https:\/\/globewomen.org\/globalsummit\/wp-content\/uploads\/2025\/02\/Register-now.png\" alt=\"\" width=\"500\" height=\"100\" srcset=\"https:\/\/globewomen.org\/globalsummit\/wp-content\/uploads\/2025\/02\/Register-now.png 500w, https:\/\/globewomen.org\/globalsummit\/wp-content\/uploads\/2025\/02\/Register-now-300x60.png 300w, https:\/\/globewomen.org\/globalsummit\/wp-content\/uploads\/2025\/02\/Register-now-320x64.png 320w\" sizes=\"auto, (max-width: 500px) 100vw, 500px\" \/><\/a><\/p>\n<p style=\"text-align: center;\"><a href=\"https:\/\/globewomen.org\/globalsummit\/wp-content\/uploads\/2026\/04\/revised-4-STAR-7-9-Jun-2026-2-nights-GLOBAL-SUMMIT-OF-WOMEN-IZMIR-EPHESUS-TOUR.pdf\">DOWNLOAD DETAILED SCHEDULE<\/a><\/p>\n<p style=\"text-align: center;\"><a href=\"https:\/\/globewomen.org\/globalsummit\/wp-content\/uploads\/2026\/04\/Daniel-Tours-Mail-Order-Form-English-1.pdf\">DOWNLOAD CREDIT CARD FORM<\/a><\/p>\n<\/div>\n<\/div><\/div><\/div><\/div><\/div>\n\n\n<p><\/p>\n","protected":false},"excerpt":{"rendered":"<p>2026 Post-Summit Tour: \u0130zmir City &amp; Ephesus &amp; Sigacik &amp; Urla Continue your Summit networking on an exclusive tour for Summit delegates to experience Turkiye&#8217;s cultural and historical centers Day 1 \u2013 June 7,&#46;&#46;&#46;<\/p>\n","protected":false},"author":1,"featured_media":0,"parent":0,"menu_order":0,"comment_status":"closed","ping_status":"closed","template":"","meta":{"footnotes":""},"class_list":["post-77539","page","type-page","status-publish","hentry"],"_links":{"self":[{"href":"https:\/\/globewomen.org\/globalsummit\/wp-json\/wp\/v2\/pages\/77539","targetHints":{"allow":["GET"]}}],"collection":[{"href":"https:\/\/globewomen.org\/globalsummit\/wp-json\/wp\/v2\/pages"}],"about":[{"href":"https:\/\/globewomen.org\/globalsummit\/wp-json\/wp\/v2\/types\/page"}],"author":[{"embeddable":true,"href":"https:\/\/globewomen.org\/globalsummit\/wp-json\/wp\/v2\/users\/1"}],"replies":[{"embeddable":true,"href":"https:\/\/globewomen.org\/globalsummit\/wp-json\/wp\/v2\/comments?post=77539"}],"version-history":[{"count":8,"href":"https:\/\/globewomen.org\/globalsummit\/wp-json\/wp\/v2\/pages\/77539\/revisions"}],"predecessor-version":[{"id":77554,"href":"https:\/\/globewomen.org\/globalsummit\/wp-json\/wp\/v2\/pages\/77539\/revisions\/77554"}],"wp:attachment":[{"href":"https:\/\/globewomen.org\/globalsummit\/wp-json\/wp\/v2\/media?parent=77539"}],"curies":[{"name":"wp","href":"https:\/\/api.w.org\/{rel}","templated":true}]}}