{"id":76212,"date":"2025-09-30T14:01:25","date_gmt":"2025-09-30T18:01:25","guid":{"rendered":"https:\/\/globewomen.org\/globalsummit\/?page_id=76212"},"modified":"2025-09-30T14:02:29","modified_gmt":"2025-09-30T18:02:29","slug":"basar-vural-bio","status":"publish","type":"page","link":"https:\/\/globewomen.org\/globalsummit\/basar-vural-bio\/","title":{"rendered":"Ba\u015far Vural Bio"},"content":{"rendered":"<div id=\"pl-gb76212-69d7cbb82d58a\"  class=\"panel-layout wp-block-siteorigin-panels-layout-block\" ><div id=\"pg-gb76212-69d7cbb82d58a-0\"  class=\"panel-grid panel-no-style\" ><div id=\"pgc-gb76212-69d7cbb82d58a-0-0\"  class=\"panel-grid-cell\" ><div id=\"panel-gb76212-69d7cbb82d58a-0-0-0\" class=\"so-panel widget widget_sow-editor panel-first-child panel-last-child\" data-index=\"0\" ><div\n\t\t\t\n\t\t\tclass=\"so-widget-sow-editor so-widget-sow-editor-base\"\n\t\t\t\n\t\t>\n<div class=\"siteorigin-widget-tinymce textwidget\">\n\t<p><img loading=\"lazy\" decoding=\"async\" class=\"alignleft wp-image-76214 size-full\" src=\"https:\/\/globewomen.org\/globalsummit\/wp-content\/uploads\/2025\/09\/Basar-Vural-e1759255139563.png\" alt=\"\" width=\"172\" height=\"196\" \/><\/p>\n<header class=\"entry-header\"><\/header>\n<header class=\"entry-header\"><\/header>\n<header class=\"entry-header\"><\/header>\n<header class=\"entry-header\"><\/header>\n<header class=\"entry-header\"><\/header>\n<header class=\"entry-header\"><\/header>\n<header class=\"entry-header\"><\/header>\n<header class=\"entry-header\"><\/header>\n<header class=\"entry-header\"><\/header>\n<header class=\"entry-header\"><\/header>\n<header class=\"entry-header\"><\/header>\n<header class=\"entry-header\"><\/header>\n<header class=\"entry-header\"><\/header>\n<header class=\"entry-header\"><\/header>\n<header class=\"entry-header\"><\/header>\n<header class=\"entry-header\"><\/header>\n<header class=\"entry-header\"><\/header>\n<header class=\"entry-header\"><\/header>\n<header class=\"entry-header\"><\/header>\n<header class=\"entry-header\"><\/header>\n<header class=\"entry-header\"><\/header>\n<header class=\"entry-header\"><\/header>\n<header class=\"entry-header\">\n<h2 class=\"entry-title\"><span style=\"color: #000080;\"><strong>Ba\u015far Vural<\/strong><\/span><\/h2>\n<div class=\"entry-meta\"><\/div>\n<\/header>\n<p><span style=\"color: #000080;\"><strong>Current\/ previous positions:<\/strong> <strong>Board Chair and Country Holding Officer, ABB T\u00fcrkiye<\/strong><\/span><\/p>\n<p>&nbsp;<\/p>\n<p>&nbsp;<\/p>\n<hr \/>\n<h4 class=\"text-center\" style=\"text-align: center;\"><span style=\"color: #000080;\"><strong>BIOGRAPHY<\/strong><\/span><\/h4>\n<p><strong><span style=\"color: #000080;\">Appointed as the Chairman of the Board and Country Holding Officer of ABB T\u00fcrkiye in 2022, Ba\u015far Vural served as the Vice Chairman of the Board and CFO at ABB T\u00fcrkiye from 2019 to 2022. Starting his career at ABB T\u00fcrkiye in 2007 as the Country Treasurer and Financial Controller, he took on various roles at ABB Group Headquarters in Switzerland between 2011 and 2013. From 2013 to 2019, he served as the Financial Manager for ABB T\u00fcrkiye&#8217;s Process Automation and Electrification business units. He began his career in 1998 as an expert in macroeconomic and industrial research department of an investment bank; he held financial management positions at DHL T\u00fcrkiye and Carrefour-Dia T\u00fcrkiye between 2001 and 2007. He is also a board member of the Swiss Chamber of Commerce in T\u00fcrkiye and the International Investors Association.<br \/>\n<\/span><\/strong><\/p>\n<\/div>\n<\/div><\/div><\/div><\/div><\/div>\n\n\n<p><\/p>\n","protected":false},"excerpt":{"rendered":"<p>Ba\u015far Vural Current\/ previous positions: Board Chair and Country Holding Officer, ABB T\u00fcrkiye &nbsp; &nbsp; BIOGRAPHY Appointed as the Chairman of the Board and Country Holding Officer of ABB T\u00fcrkiye in 2022, Ba\u015far Vural&#46;&#46;&#46;<\/p>\n","protected":false},"author":1,"featured_media":0,"parent":0,"menu_order":0,"comment_status":"closed","ping_status":"closed","template":"","meta":{"footnotes":""},"class_list":["post-76212","page","type-page","status-publish","hentry"],"_links":{"self":[{"href":"https:\/\/globewomen.org\/globalsummit\/wp-json\/wp\/v2\/pages\/76212","targetHints":{"allow":["GET"]}}],"collection":[{"href":"https:\/\/globewomen.org\/globalsummit\/wp-json\/wp\/v2\/pages"}],"about":[{"href":"https:\/\/globewomen.org\/globalsummit\/wp-json\/wp\/v2\/types\/page"}],"author":[{"embeddable":true,"href":"https:\/\/globewomen.org\/globalsummit\/wp-json\/wp\/v2\/users\/1"}],"replies":[{"embeddable":true,"href":"https:\/\/globewomen.org\/globalsummit\/wp-json\/wp\/v2\/comments?post=76212"}],"version-history":[{"count":2,"href":"https:\/\/globewomen.org\/globalsummit\/wp-json\/wp\/v2\/pages\/76212\/revisions"}],"predecessor-version":[{"id":76217,"href":"https:\/\/globewomen.org\/globalsummit\/wp-json\/wp\/v2\/pages\/76212\/revisions\/76217"}],"wp:attachment":[{"href":"https:\/\/globewomen.org\/globalsummit\/wp-json\/wp\/v2\/media?parent=76212"}],"curies":[{"name":"wp","href":"https:\/\/api.w.org\/{rel}","templated":true}]}}