{"id":76151,"date":"2025-09-25T11:06:52","date_gmt":"2025-09-25T15:06:52","guid":{"rendered":"https:\/\/globewomen.org\/globalsummit\/?page_id=76151"},"modified":"2025-11-17T09:51:26","modified_gmt":"2025-11-17T14:51:26","slug":"yilmaz-yilmaz-bio","status":"publish","type":"page","link":"https:\/\/globewomen.org\/globalsummit\/yilmaz-yilmaz-bio\/","title":{"rendered":"Yilmaz Yilmaz Bio"},"content":{"rendered":"<div id=\"pl-gb76151-69d7e5bd807d4\"  class=\"panel-layout wp-block-siteorigin-panels-layout-block\" ><div id=\"pg-gb76151-69d7e5bd807d4-0\"  class=\"panel-grid panel-no-style\" ><div id=\"pgc-gb76151-69d7e5bd807d4-0-0\"  class=\"panel-grid-cell\" ><div id=\"panel-gb76151-69d7e5bd807d4-0-0-0\" class=\"so-panel widget widget_sow-editor panel-first-child panel-last-child\" data-index=\"0\" ><div\n\t\t\t\n\t\t\tclass=\"so-widget-sow-editor so-widget-sow-editor-base\"\n\t\t\t\n\t\t>\n<div class=\"siteorigin-widget-tinymce textwidget\">\n\t<p><img loading=\"lazy\" decoding=\"async\" class=\"alignleft wp-image-76144 \" src=\"https:\/\/globewomen.org\/globalsummit\/wp-content\/uploads\/2025\/09\/yilmaz-yilmaz-e1758811639471-300x300.jpg\" alt=\"\" width=\"205\" height=\"205\" srcset=\"https:\/\/globewomen.org\/globalsummit\/wp-content\/uploads\/2025\/09\/yilmaz-yilmaz-e1758811639471-300x300.jpg 300w, https:\/\/globewomen.org\/globalsummit\/wp-content\/uploads\/2025\/09\/yilmaz-yilmaz-e1758811639471-150x150.jpg 150w, https:\/\/globewomen.org\/globalsummit\/wp-content\/uploads\/2025\/09\/yilmaz-yilmaz-e1758811639471-80x80.jpg 80w, https:\/\/globewomen.org\/globalsummit\/wp-content\/uploads\/2025\/09\/yilmaz-yilmaz-e1758811639471-320x321.jpg 320w, https:\/\/globewomen.org\/globalsummit\/wp-content\/uploads\/2025\/09\/yilmaz-yilmaz-e1758811639471.jpg 359w\" sizes=\"auto, (max-width: 205px) 100vw, 205px\" \/><\/p>\n<header class=\"entry-header\"><\/header>\n<header class=\"entry-header\"><\/header>\n<header class=\"entry-header\"><\/header>\n<header class=\"entry-header\"><\/header>\n<header class=\"entry-header\"><\/header>\n<header class=\"entry-header\"><\/header>\n<header class=\"entry-header\"><\/header>\n<header class=\"entry-header\"><\/header>\n<header class=\"entry-header\"><\/header>\n<header class=\"entry-header\"><\/header>\n<header class=\"entry-header\"><\/header>\n<header class=\"entry-header\"><\/header>\n<header class=\"entry-header\"><\/header>\n<header class=\"entry-header\"><\/header>\n<header class=\"entry-header\"><\/header>\n<header class=\"entry-header\"><\/header>\n<header class=\"entry-header\"><\/header>\n<header class=\"entry-header\"><\/header>\n<header class=\"entry-header\"><\/header>\n<header class=\"entry-header\"><\/header>\n<header class=\"entry-header\"><\/header>\n<header class=\"entry-header\"><\/header>\n<header class=\"entry-header\">\n<h2 class=\"entry-title\"><span style=\"color: #000080;\"><strong>Yilmaz Yilmaz<\/strong><\/span><\/h2>\n<div class=\"entry-meta\"><\/div>\n<\/header>\n<p><span style=\"color: #000080;\"><strong>Current\/ previous positions:<\/strong> <strong>Chairman, Koton; Board Member, T\u00dcS\u0130AD<\/strong><\/span><\/p>\n<p>&nbsp;<\/p>\n<hr \/>\n<h4 class=\"text-center\" style=\"text-align: center;\"><span style=\"color: #000080;\"><strong>BIOGRAPHY<\/strong><\/span><\/h4>\n<p><strong><span style=\"color: #000080;\">Y\u0131lmaz Y\u0131lmaz is the visionary behind Koton, T\u00fcrkiye&#8217;s leading fast-fashion brand, successfully transforming the brand into an international chain in a remarkably short time. He currently serves as the Chairman of the Board at Koton. Actively involved in industry representative associations such as the Istanbul Textile and Apparel Exporters&#8217; Association (ITKIB), Turkish Federation of Shopping Centers And Retailers (TAMPF), Turkish Clothing Manufacturers&#8217; Association (TGSD), and United Brands Association (BMD), he also played a crucial role in the United Brands Association (BMD) by assuming the presidency from 2010 to 2012.<br \/>\n<\/span><\/strong><\/p>\n<\/div>\n<\/div><\/div><\/div><\/div><\/div>\n\n\n<p><\/p>\n","protected":false},"excerpt":{"rendered":"<p>Yilmaz Yilmaz Current\/ previous positions: Chairman, Koton; Board Member, T\u00dcS\u0130AD &nbsp; BIOGRAPHY Y\u0131lmaz Y\u0131lmaz is the visionary behind Koton, T\u00fcrkiye&#8217;s leading fast-fashion brand, successfully transforming the brand into an international chain in a remarkably&#46;&#46;&#46;<\/p>\n","protected":false},"author":1,"featured_media":0,"parent":0,"menu_order":0,"comment_status":"closed","ping_status":"closed","template":"","meta":{"footnotes":""},"class_list":["post-76151","page","type-page","status-publish","hentry"],"_links":{"self":[{"href":"https:\/\/globewomen.org\/globalsummit\/wp-json\/wp\/v2\/pages\/76151","targetHints":{"allow":["GET"]}}],"collection":[{"href":"https:\/\/globewomen.org\/globalsummit\/wp-json\/wp\/v2\/pages"}],"about":[{"href":"https:\/\/globewomen.org\/globalsummit\/wp-json\/wp\/v2\/types\/page"}],"author":[{"embeddable":true,"href":"https:\/\/globewomen.org\/globalsummit\/wp-json\/wp\/v2\/users\/1"}],"replies":[{"embeddable":true,"href":"https:\/\/globewomen.org\/globalsummit\/wp-json\/wp\/v2\/comments?post=76151"}],"version-history":[{"count":4,"href":"https:\/\/globewomen.org\/globalsummit\/wp-json\/wp\/v2\/pages\/76151\/revisions"}],"predecessor-version":[{"id":76366,"href":"https:\/\/globewomen.org\/globalsummit\/wp-json\/wp\/v2\/pages\/76151\/revisions\/76366"}],"wp:attachment":[{"href":"https:\/\/globewomen.org\/globalsummit\/wp-json\/wp\/v2\/media?parent=76151"}],"curies":[{"name":"wp","href":"https:\/\/api.w.org\/{rel}","templated":true}]}}