{"id":76148,"date":"2025-09-25T10:59:35","date_gmt":"2025-09-25T14:59:35","guid":{"rendered":"https:\/\/globewomen.org\/globalsummit\/?page_id=76148"},"modified":"2025-09-25T11:01:29","modified_gmt":"2025-09-25T15:01:29","slug":"emine-sabanci-kamisli-bio","status":"publish","type":"page","link":"https:\/\/globewomen.org\/globalsummit\/emine-sabanci-kamisli-bio\/","title":{"rendered":"Emine Sabanc\u0131 Kam\u0131\u015fl\u0131 Bio"},"content":{"rendered":"<div id=\"pl-gb76148-69d7ce5c0b418\"  class=\"panel-layout wp-block-siteorigin-panels-layout-block\" ><div id=\"pg-gb76148-69d7ce5c0b418-0\"  class=\"panel-grid panel-no-style\" ><div id=\"pgc-gb76148-69d7ce5c0b418-0-0\"  class=\"panel-grid-cell\" ><div id=\"panel-gb76148-69d7ce5c0b418-0-0-0\" class=\"so-panel widget widget_sow-editor panel-first-child panel-last-child\" data-index=\"0\" ><div\n\t\t\t\n\t\t\tclass=\"so-widget-sow-editor so-widget-sow-editor-base\"\n\t\t\t\n\t\t>\n<div class=\"siteorigin-widget-tinymce textwidget\">\n\t<p><img loading=\"lazy\" decoding=\"async\" class=\"alignleft wp-image-76142 \" src=\"https:\/\/globewomen.org\/globalsummit\/wp-content\/uploads\/2025\/09\/emine-sabanci.jpg\" alt=\"\" width=\"164\" height=\"219\" \/><\/p>\n<header class=\"entry-header\"><\/header>\n<header class=\"entry-header\"><\/header>\n<header class=\"entry-header\"><\/header>\n<header class=\"entry-header\"><\/header>\n<header class=\"entry-header\"><\/header>\n<header class=\"entry-header\"><\/header>\n<header class=\"entry-header\"><\/header>\n<header class=\"entry-header\"><\/header>\n<header class=\"entry-header\"><\/header>\n<header class=\"entry-header\"><\/header>\n<header class=\"entry-header\"><\/header>\n<header class=\"entry-header\"><\/header>\n<header class=\"entry-header\"><\/header>\n<header class=\"entry-header\"><\/header>\n<header class=\"entry-header\"><\/header>\n<header class=\"entry-header\"><\/header>\n<header class=\"entry-header\"><\/header>\n<header class=\"entry-header\"><\/header>\n<header class=\"entry-header\"><\/header>\n<header class=\"entry-header\"><\/header>\n<header class=\"entry-header\"><\/header>\n<header class=\"entry-header\"><\/header>\n<header class=\"entry-header\">\n<h2 class=\"entry-title\"><span style=\"color: #000080;\"><strong>Emine Sabanc\u0131 Kam\u0131\u015fl\u0131<\/strong><\/span><\/h2>\n<div class=\"entry-meta\"><\/div>\n<\/header>\n<p><span style=\"color: #000080;\"><strong>Current\/ previous positions:<\/strong> <strong>Co-Founder and Vice Chairperson, Esas Holding <\/strong><\/span><\/p>\n<p>&nbsp;<\/p>\n<p>&nbsp;<\/p>\n<hr \/>\n<h4 class=\"text-center\" style=\"text-align: center;\"><span style=\"color: #000080;\"><strong>BIOGRAPHY<\/strong><\/span><\/h4>\n<p><strong><span style=\"color: #000080;\">Emine Sabanc\u0131 Kam\u0131\u015fl\u0131 is the Co-Founder and Vice Chairperson of Esas Holding since 2000. The founding leader of Esas Sosyal, the social investment unit of Esas Holding, she is committed to social responsibility programs that create sustainable and measurable social impact in the areas of Youth Employment, Diversity, Equity and Inclusion, Equal Opportunity, and Women Entrepreneurship. She began her career at Willis Corroon, a reinsurance company in London. Following her return to Turkey, she served as an Executive Board Member and Commercial Director at Aksigorta, Akhayat and Sabanc\u0131 Holding between 1989 and 2000. She is a member of UNICEF Turkey Business Advisory Board, a Board Member of the Turkish Businesswomen\u2019s Association (TIKAD), Vice Chairperson of T\u0130KAD Investment, a member of Citiprivate European Advisory Board. As an \u201cAngel Investor\u201d in ARYA Venture Capital Fund, she also represents a leading figure for supporting women entrepreneurs and encouraging angel investors.<br \/>\n<\/span><\/strong><\/p>\n<\/div>\n<\/div><\/div><\/div><\/div><\/div>\n\n\n<p><\/p>\n","protected":false},"excerpt":{"rendered":"<p>Emine Sabanc\u0131 Kam\u0131\u015fl\u0131 Current\/ previous positions: Co-Founder and Vice Chairperson, Esas Holding &nbsp; &nbsp; BIOGRAPHY Emine Sabanc\u0131 Kam\u0131\u015fl\u0131 is the Co-Founder and Vice Chairperson of Esas Holding since 2000. The founding leader of Esas&#46;&#46;&#46;<\/p>\n","protected":false},"author":1,"featured_media":0,"parent":0,"menu_order":0,"comment_status":"closed","ping_status":"closed","template":"","meta":{"footnotes":""},"class_list":["post-76148","page","type-page","status-publish","hentry"],"_links":{"self":[{"href":"https:\/\/globewomen.org\/globalsummit\/wp-json\/wp\/v2\/pages\/76148","targetHints":{"allow":["GET"]}}],"collection":[{"href":"https:\/\/globewomen.org\/globalsummit\/wp-json\/wp\/v2\/pages"}],"about":[{"href":"https:\/\/globewomen.org\/globalsummit\/wp-json\/wp\/v2\/types\/page"}],"author":[{"embeddable":true,"href":"https:\/\/globewomen.org\/globalsummit\/wp-json\/wp\/v2\/users\/1"}],"replies":[{"embeddable":true,"href":"https:\/\/globewomen.org\/globalsummit\/wp-json\/wp\/v2\/comments?post=76148"}],"version-history":[{"count":2,"href":"https:\/\/globewomen.org\/globalsummit\/wp-json\/wp\/v2\/pages\/76148\/revisions"}],"predecessor-version":[{"id":76150,"href":"https:\/\/globewomen.org\/globalsummit\/wp-json\/wp\/v2\/pages\/76148\/revisions\/76150"}],"wp:attachment":[{"href":"https:\/\/globewomen.org\/globalsummit\/wp-json\/wp\/v2\/media?parent=76148"}],"curies":[{"name":"wp","href":"https:\/\/api.w.org\/{rel}","templated":true}]}}