{"id":76080,"date":"2025-09-24T13:08:42","date_gmt":"2025-09-24T17:08:42","guid":{"rendered":"https:\/\/globewomen.org\/globalsummit\/?page_id=76080"},"modified":"2025-09-24T13:09:52","modified_gmt":"2025-09-24T17:09:52","slug":"ayse-burcak-guven-bio","status":"publish","type":"page","link":"https:\/\/globewomen.org\/globalsummit\/ayse-burcak-guven-bio\/","title":{"rendered":"Ay\u015fe Bur\u00e7ak G\u00fcven Bio"},"content":{"rendered":"<div id=\"pl-gb76080-69d7ce2ac0a31\"  class=\"panel-layout wp-block-siteorigin-panels-layout-block\" ><div id=\"pg-gb76080-69d7ce2ac0a31-0\"  class=\"panel-grid panel-no-style\" ><div id=\"pgc-gb76080-69d7ce2ac0a31-0-0\"  class=\"panel-grid-cell\" ><div id=\"panel-gb76080-69d7ce2ac0a31-0-0-0\" class=\"so-panel widget widget_sow-editor panel-first-child panel-last-child\" data-index=\"0\" ><div\n\t\t\t\n\t\t\tclass=\"so-widget-sow-editor so-widget-sow-editor-base\"\n\t\t\t\n\t\t>\n<div class=\"siteorigin-widget-tinymce textwidget\">\n\t<p><img loading=\"lazy\" decoding=\"async\" class=\"alignleft wp-image-76081 size-thumbnail\" src=\"https:\/\/globewomen.org\/globalsummit\/wp-content\/uploads\/2025\/09\/ayse-burcak-guven-150x150.jpg\" alt=\"\" width=\"150\" height=\"150\" srcset=\"https:\/\/globewomen.org\/globalsummit\/wp-content\/uploads\/2025\/09\/ayse-burcak-guven-150x150.jpg 150w, https:\/\/globewomen.org\/globalsummit\/wp-content\/uploads\/2025\/09\/ayse-burcak-guven-80x80.jpg 80w, https:\/\/globewomen.org\/globalsummit\/wp-content\/uploads\/2025\/09\/ayse-burcak-guven.jpg 225w\" sizes=\"auto, (max-width: 150px) 100vw, 150px\" \/><\/p>\n<header class=\"entry-header\"><\/header>\n<header class=\"entry-header\"><\/header>\n<header class=\"entry-header\"><\/header>\n<header class=\"entry-header\"><\/header>\n<header class=\"entry-header\"><\/header>\n<header class=\"entry-header\"><\/header>\n<header class=\"entry-header\"><\/header>\n<header class=\"entry-header\"><\/header>\n<header class=\"entry-header\"><\/header>\n<header class=\"entry-header\"><\/header>\n<header class=\"entry-header\"><\/header>\n<header class=\"entry-header\"><\/header>\n<header class=\"entry-header\"><\/header>\n<header class=\"entry-header\"><\/header>\n<header class=\"entry-header\"><\/header>\n<header class=\"entry-header\"><\/header>\n<header class=\"entry-header\"><\/header>\n<header class=\"entry-header\"><\/header>\n<header class=\"entry-header\"><\/header>\n<header class=\"entry-header\"><\/header>\n<header class=\"entry-header\"><\/header>\n<header class=\"entry-header\"><\/header>\n<header class=\"entry-header\">\n<h2 class=\"entry-title\"><span style=\"color: #000080;\"><strong>Ay\u015fe Bur\u00e7ak G\u00fcven <\/strong><\/span><\/h2>\n<div class=\"entry-meta\"><\/div>\n<\/header>\n<p><span style=\"color: #000080;\"><strong>Current\/ previous positions:<\/strong> <strong>President and Co-founder of Forbes T\u00fcrkiye<\/strong><\/span><\/p>\n<p>&nbsp;<\/p>\n<p>&nbsp;<\/p>\n<hr \/>\n<h4 class=\"text-center\" style=\"text-align: center;\"><span style=\"color: #000080;\"><strong>BIOGRAPHY<\/strong><\/span><\/h4>\n<p><strong><span style=\"color: #000080;\">Ay\u015fe Bur\u00e7ak G\u00fcven is the Media Group President and Co-founder of Forbes T\u00fcrkiye, previously serving as its Editor-in-Chief. She is also Co-chair of the Women on Board Turkey Association. In 2012, she co-created the &#8220;Women on Board of Directors Program,&#8221; which was the first accredited certificate program in Turkiye focused on board membership. In addition, she is also a clinical psychologist and management coach.<br \/>\n<\/span><\/strong><\/p>\n<\/div>\n<\/div><\/div><\/div><\/div><\/div>\n\n\n<p><\/p>\n","protected":false},"excerpt":{"rendered":"<p>Ay\u015fe Bur\u00e7ak G\u00fcven Current\/ previous positions: President and Co-founder of Forbes T\u00fcrkiye &nbsp; &nbsp; BIOGRAPHY Ay\u015fe Bur\u00e7ak G\u00fcven is the Media Group President and Co-founder of Forbes T\u00fcrkiye, previously serving as its Editor-in-Chief. She&#46;&#46;&#46;<\/p>\n","protected":false},"author":1,"featured_media":0,"parent":0,"menu_order":0,"comment_status":"closed","ping_status":"closed","template":"","meta":{"footnotes":""},"class_list":["post-76080","page","type-page","status-publish","hentry"],"_links":{"self":[{"href":"https:\/\/globewomen.org\/globalsummit\/wp-json\/wp\/v2\/pages\/76080","targetHints":{"allow":["GET"]}}],"collection":[{"href":"https:\/\/globewomen.org\/globalsummit\/wp-json\/wp\/v2\/pages"}],"about":[{"href":"https:\/\/globewomen.org\/globalsummit\/wp-json\/wp\/v2\/types\/page"}],"author":[{"embeddable":true,"href":"https:\/\/globewomen.org\/globalsummit\/wp-json\/wp\/v2\/users\/1"}],"replies":[{"embeddable":true,"href":"https:\/\/globewomen.org\/globalsummit\/wp-json\/wp\/v2\/comments?post=76080"}],"version-history":[{"count":2,"href":"https:\/\/globewomen.org\/globalsummit\/wp-json\/wp\/v2\/pages\/76080\/revisions"}],"predecessor-version":[{"id":76087,"href":"https:\/\/globewomen.org\/globalsummit\/wp-json\/wp\/v2\/pages\/76080\/revisions\/76087"}],"wp:attachment":[{"href":"https:\/\/globewomen.org\/globalsummit\/wp-json\/wp\/v2\/media?parent=76080"}],"curies":[{"name":"wp","href":"https:\/\/api.w.org\/{rel}","templated":true}]}}