{"id":76063,"date":"2025-09-24T09:58:21","date_gmt":"2025-09-24T13:58:21","guid":{"rendered":"https:\/\/globewomen.org\/globalsummit\/?page_id=76063"},"modified":"2025-10-22T15:37:32","modified_gmt":"2025-10-22T19:37:32","slug":"pelin-akin-bio","status":"publish","type":"page","link":"https:\/\/globewomen.org\/globalsummit\/pelin-akin-bio\/","title":{"rendered":"Pelin Akin Bio"},"content":{"rendered":"<div id=\"pl-gb76063-69d7cb5722542\"  class=\"panel-layout wp-block-siteorigin-panels-layout-block\" ><div id=\"pg-gb76063-69d7cb5722542-0\"  class=\"panel-grid panel-no-style\" ><div id=\"pgc-gb76063-69d7cb5722542-0-0\"  class=\"panel-grid-cell\" ><div id=\"panel-gb76063-69d7cb5722542-0-0-0\" class=\"so-panel widget widget_sow-editor panel-first-child panel-last-child\" data-index=\"0\" ><div\n\t\t\t\n\t\t\tclass=\"so-widget-sow-editor so-widget-sow-editor-base\"\n\t\t\t\n\t\t>\n<div class=\"siteorigin-widget-tinymce textwidget\">\n\t<p><img loading=\"lazy\" decoding=\"async\" class=\"alignleft wp-image-76323 \" src=\"https:\/\/globewomen.org\/globalsummit\/wp-content\/uploads\/2025\/09\/Pein-A-300x300.jpeg\" alt=\"\" width=\"212\" height=\"212\" srcset=\"https:\/\/globewomen.org\/globalsummit\/wp-content\/uploads\/2025\/09\/Pein-A-300x300.jpeg 300w, https:\/\/globewomen.org\/globalsummit\/wp-content\/uploads\/2025\/09\/Pein-A-150x150.jpeg 150w, https:\/\/globewomen.org\/globalsummit\/wp-content\/uploads\/2025\/09\/Pein-A-768x768.jpeg 768w, https:\/\/globewomen.org\/globalsummit\/wp-content\/uploads\/2025\/09\/Pein-A-80x80.jpeg 80w, https:\/\/globewomen.org\/globalsummit\/wp-content\/uploads\/2025\/09\/Pein-A-320x320.jpeg 320w, https:\/\/globewomen.org\/globalsummit\/wp-content\/uploads\/2025\/09\/Pein-A-720x720.jpeg 720w, https:\/\/globewomen.org\/globalsummit\/wp-content\/uploads\/2025\/09\/Pein-A-520x520.jpeg 520w, https:\/\/globewomen.org\/globalsummit\/wp-content\/uploads\/2025\/09\/Pein-A.jpeg 800w\" sizes=\"auto, (max-width: 212px) 100vw, 212px\" \/><\/p>\n<header class=\"entry-header\"><\/header>\n<header class=\"entry-header\"><\/header>\n<header class=\"entry-header\"><\/header>\n<header class=\"entry-header\"><\/header>\n<header class=\"entry-header\"><\/header>\n<header class=\"entry-header\"><\/header>\n<header class=\"entry-header\"><\/header>\n<header class=\"entry-header\"><\/header>\n<header class=\"entry-header\"><\/header>\n<header class=\"entry-header\"><\/header>\n<header class=\"entry-header\"><\/header>\n<header class=\"entry-header\"><\/header>\n<header class=\"entry-header\"><\/header>\n<header class=\"entry-header\"><\/header>\n<header class=\"entry-header\"><\/header>\n<header class=\"entry-header\"><\/header>\n<header class=\"entry-header\"><\/header>\n<header class=\"entry-header\"><\/header>\n<header class=\"entry-header\"><\/header>\n<header class=\"entry-header\"><\/header>\n<header class=\"entry-header\"><\/header>\n<header class=\"entry-header\"><\/header>\n<header class=\"entry-header\">\n<h2 class=\"entry-title\"><span style=\"color: #000080;\"><strong>Pelin Akin<\/strong><\/span><\/h2>\n<div class=\"entry-meta\"><\/div>\n<\/header>\n<p><span style=\"color: #000080;\"><strong>Current\/ previous positions:<\/strong> <strong>Country Manager, Azerion T\u00fcrkiye<\/strong><\/span><\/p>\n<p>&nbsp;<\/p>\n<p>&nbsp;<\/p>\n<hr \/>\n<h4 class=\"text-center\" style=\"text-align: center;\"><span style=\"color: #000080;\"><strong>BIOGRAPHY<\/strong><\/span><\/h4>\n<p><strong><span style=\"color: #000080;\"> Pelin Ak\u0131n has been Country Manager of Azerion Turkiye, a leading digital advertising company, since 2023. Prior to this role, she was Partnerships and eCommerce Group Manager for the Avis Budget Group. Her corporate experience also includes 13 years at Turkcell and nearly three at Sodexo. She is also a Board Director at AFGEN Holding. Between 2013 and 2020, she was involved in the Young Presidents Organization network, and since 2010, she has served as the Chair of the Advisory Board for the Contemporary Turkish Studies Chair at the London School of Economics. A Board Member of the Turkey-UK Business Council, she has also been a Board Member of the Turkish Businesswomen\u2019s Association (T\u0130KAD), and the Turkish Enterprise and Business Confederation (T\u00dcRKONFED), among others. Previously, she served on the boards of various NGOs, including the Family Business Association (TA\u0130DER), the Young Entrepreneurs Advisory Councils of the Union of Chambers and Commodity Exchanges of Turkey (TOBB), and T\u00dcS\u0130AD (Turkish Industry and Business Association).<br \/>\n<\/span><\/strong><\/p>\n<\/div>\n<\/div><\/div><\/div><\/div><\/div>\n\n\n<p><\/p>\n","protected":false},"excerpt":{"rendered":"<p>Pelin Akin Current\/ previous positions: Country Manager, Azerion T\u00fcrkiye &nbsp; &nbsp; BIOGRAPHY Pelin Ak\u0131n has been Country Manager of Azerion Turkiye, a leading digital advertising company, since 2023. Prior to this role, she was&#46;&#46;&#46;<\/p>\n","protected":false},"author":1,"featured_media":0,"parent":0,"menu_order":0,"comment_status":"closed","ping_status":"closed","template":"","meta":{"footnotes":""},"class_list":["post-76063","page","type-page","status-publish","hentry"],"_links":{"self":[{"href":"https:\/\/globewomen.org\/globalsummit\/wp-json\/wp\/v2\/pages\/76063","targetHints":{"allow":["GET"]}}],"collection":[{"href":"https:\/\/globewomen.org\/globalsummit\/wp-json\/wp\/v2\/pages"}],"about":[{"href":"https:\/\/globewomen.org\/globalsummit\/wp-json\/wp\/v2\/types\/page"}],"author":[{"embeddable":true,"href":"https:\/\/globewomen.org\/globalsummit\/wp-json\/wp\/v2\/users\/1"}],"replies":[{"embeddable":true,"href":"https:\/\/globewomen.org\/globalsummit\/wp-json\/wp\/v2\/comments?post=76063"}],"version-history":[{"count":4,"href":"https:\/\/globewomen.org\/globalsummit\/wp-json\/wp\/v2\/pages\/76063\/revisions"}],"predecessor-version":[{"id":76325,"href":"https:\/\/globewomen.org\/globalsummit\/wp-json\/wp\/v2\/pages\/76063\/revisions\/76325"}],"wp:attachment":[{"href":"https:\/\/globewomen.org\/globalsummit\/wp-json\/wp\/v2\/media?parent=76063"}],"curies":[{"name":"wp","href":"https:\/\/api.w.org\/{rel}","templated":true}]}}