{"id":76044,"date":"2025-09-22T11:54:15","date_gmt":"2025-09-22T15:54:15","guid":{"rendered":"https:\/\/globewomen.org\/globalsummit\/?page_id=76044"},"modified":"2025-09-22T11:55:49","modified_gmt":"2025-09-22T15:55:49","slug":"tulay-perazzini-bio","status":"publish","type":"page","link":"https:\/\/globewomen.org\/globalsummit\/tulay-perazzini-bio\/","title":{"rendered":"Tulay Perazzini Bio"},"content":{"rendered":"<div id=\"pl-gb76044-69d7caed7f86f\"  class=\"panel-layout wp-block-siteorigin-panels-layout-block\" ><div id=\"pg-gb76044-69d7caed7f86f-0\"  class=\"panel-grid panel-no-style\" ><div id=\"pgc-gb76044-69d7caed7f86f-0-0\"  class=\"panel-grid-cell\" ><div id=\"panel-gb76044-69d7caed7f86f-0-0-0\" class=\"so-panel widget widget_sow-editor panel-first-child panel-last-child\" data-index=\"0\" ><div\n\t\t\t\n\t\t\tclass=\"so-widget-sow-editor so-widget-sow-editor-base\"\n\t\t\t\n\t\t>\n<div class=\"siteorigin-widget-tinymce textwidget\">\n\t<p><img loading=\"lazy\" decoding=\"async\" class=\"alignleft wp-image-76035 \" src=\"https:\/\/globewomen.org\/globalsummit\/wp-content\/uploads\/2025\/09\/tulay-perazzini-e1758555655825-300x289.jpg\" alt=\"\" width=\"223\" height=\"215\" srcset=\"https:\/\/globewomen.org\/globalsummit\/wp-content\/uploads\/2025\/09\/tulay-perazzini-e1758555655825-300x289.jpg 300w, https:\/\/globewomen.org\/globalsummit\/wp-content\/uploads\/2025\/09\/tulay-perazzini-e1758555655825-768x741.jpg 768w, https:\/\/globewomen.org\/globalsummit\/wp-content\/uploads\/2025\/09\/tulay-perazzini-e1758555655825-720x695.jpg 720w, https:\/\/globewomen.org\/globalsummit\/wp-content\/uploads\/2025\/09\/tulay-perazzini-e1758555655825-520x502.jpg 520w, https:\/\/globewomen.org\/globalsummit\/wp-content\/uploads\/2025\/09\/tulay-perazzini-e1758555655825-320x309.jpg 320w, https:\/\/globewomen.org\/globalsummit\/wp-content\/uploads\/2025\/09\/tulay-perazzini-e1758555655825.jpg 848w\" sizes=\"auto, (max-width: 223px) 100vw, 223px\" \/><\/p>\n<header class=\"entry-header\"><\/header>\n<header class=\"entry-header\"><\/header>\n<header class=\"entry-header\"><\/header>\n<header class=\"entry-header\"><\/header>\n<header class=\"entry-header\"><\/header>\n<header class=\"entry-header\"><\/header>\n<header class=\"entry-header\"><\/header>\n<header class=\"entry-header\"><\/header>\n<header class=\"entry-header\"><\/header>\n<header class=\"entry-header\"><\/header>\n<header class=\"entry-header\"><\/header>\n<header class=\"entry-header\"><\/header>\n<header class=\"entry-header\"><\/header>\n<header class=\"entry-header\"><\/header>\n<header class=\"entry-header\"><\/header>\n<header class=\"entry-header\"><\/header>\n<header class=\"entry-header\"><\/header>\n<header class=\"entry-header\"><\/header>\n<header class=\"entry-header\"><\/header>\n<header class=\"entry-header\"><\/header>\n<header class=\"entry-header\"><\/header>\n<header class=\"entry-header\"><\/header>\n<header class=\"entry-header\">\n<h2 class=\"entry-title\"><span style=\"color: #000080;\"><strong>T\u00fclay Perazzini<\/strong><\/span><\/h2>\n<div class=\"entry-meta\"><\/div>\n<\/header>\n<p><span style=\"color: #000080;\"><strong>Current\/ previous positions:<\/strong> <strong>Founder, Salt &amp; Brand Consultancy<\/strong><\/span><\/p>\n<p>&nbsp;<\/p>\n<p>&nbsp;<\/p>\n<hr \/>\n<h4 class=\"text-center\" style=\"text-align: center;\"><span style=\"color: #000080;\"><strong>BIOGRAPHY<\/strong><\/span><\/h4>\n<p><strong><span style=\"color: #000080;\"> T\u00fclay Kale Perazzini is a leader who shares her nearly 20 years of experience in finance and brand management through both consultancy and training. After serving as CFO of Private Banking at Yap\u0131 Kredi and as a Director at UniCredit in Milan, she founded Salt&amp;Brand Consulting in 2018, focusing on personal brand management, leadership communication, and corporate strategies. She delivers training on personal brand management at Bo\u011fazi\u00e7i and Ko\u00e7 Universities, guiding young professionals and future leaders. Through her work, she inspires them to discover their authentic identities and shine as impactful leaders. With a sincere and warm approach, she passionately contributes to increasing the visibility of women leaders.<br \/>\n<\/span><\/strong><\/p>\n<\/div>\n<\/div><\/div><\/div><\/div><\/div>\n\n\n<p><\/p>\n","protected":false},"excerpt":{"rendered":"<p>T\u00fclay Perazzini Current\/ previous positions: Founder, Salt &amp; Brand Consultancy &nbsp; &nbsp; BIOGRAPHY T\u00fclay Kale Perazzini is a leader who shares her nearly 20 years of experience in finance and brand management through both&#46;&#46;&#46;<\/p>\n","protected":false},"author":1,"featured_media":0,"parent":0,"menu_order":0,"comment_status":"closed","ping_status":"closed","template":"","meta":{"footnotes":""},"class_list":["post-76044","page","type-page","status-publish","hentry"],"_links":{"self":[{"href":"https:\/\/globewomen.org\/globalsummit\/wp-json\/wp\/v2\/pages\/76044","targetHints":{"allow":["GET"]}}],"collection":[{"href":"https:\/\/globewomen.org\/globalsummit\/wp-json\/wp\/v2\/pages"}],"about":[{"href":"https:\/\/globewomen.org\/globalsummit\/wp-json\/wp\/v2\/types\/page"}],"author":[{"embeddable":true,"href":"https:\/\/globewomen.org\/globalsummit\/wp-json\/wp\/v2\/users\/1"}],"replies":[{"embeddable":true,"href":"https:\/\/globewomen.org\/globalsummit\/wp-json\/wp\/v2\/comments?post=76044"}],"version-history":[{"count":2,"href":"https:\/\/globewomen.org\/globalsummit\/wp-json\/wp\/v2\/pages\/76044\/revisions"}],"predecessor-version":[{"id":76046,"href":"https:\/\/globewomen.org\/globalsummit\/wp-json\/wp\/v2\/pages\/76044\/revisions\/76046"}],"wp:attachment":[{"href":"https:\/\/globewomen.org\/globalsummit\/wp-json\/wp\/v2\/media?parent=76044"}],"curies":[{"name":"wp","href":"https:\/\/api.w.org\/{rel}","templated":true}]}}