{"id":76037,"date":"2025-09-22T11:46:03","date_gmt":"2025-09-22T15:46:03","guid":{"rendered":"https:\/\/globewomen.org\/globalsummit\/?page_id=76037"},"modified":"2025-09-22T11:51:33","modified_gmt":"2025-09-22T15:51:33","slug":"ozge-bulut-marasli-bio","status":"publish","type":"page","link":"https:\/\/globewomen.org\/globalsummit\/ozge-bulut-marasli-bio\/","title":{"rendered":"\u00d6zge Bulut Mara\u015fl\u0131 Bio"},"content":{"rendered":"<div id=\"pl-gb76037-69d7e9fa0e82d\"  class=\"panel-layout wp-block-siteorigin-panels-layout-block\" ><div id=\"pg-gb76037-69d7e9fa0e82d-0\"  class=\"panel-grid panel-no-style\" ><div id=\"pgc-gb76037-69d7e9fa0e82d-0-0\"  class=\"panel-grid-cell\" ><div id=\"panel-gb76037-69d7e9fa0e82d-0-0-0\" class=\"so-panel widget widget_sow-editor panel-first-child panel-last-child\" data-index=\"0\" ><div\n\t\t\t\n\t\t\tclass=\"so-widget-sow-editor so-widget-sow-editor-base\"\n\t\t\t\n\t\t>\n<div class=\"siteorigin-widget-tinymce textwidget\">\n\t<p><img loading=\"lazy\" decoding=\"async\" class=\"wp-image-76034  alignleft\" src=\"https:\/\/globewomen.org\/globalsummit\/wp-content\/uploads\/2025\/09\/ozge-burut-murasli-e1758554626382-272x300.jpg\" alt=\"\" width=\"165\" height=\"182\" srcset=\"https:\/\/globewomen.org\/globalsummit\/wp-content\/uploads\/2025\/09\/ozge-burut-murasli-e1758554626382-272x300.jpg 272w, https:\/\/globewomen.org\/globalsummit\/wp-content\/uploads\/2025\/09\/ozge-burut-murasli-e1758554626382-929x1024.jpg 929w, https:\/\/globewomen.org\/globalsummit\/wp-content\/uploads\/2025\/09\/ozge-burut-murasli-e1758554626382-768x846.jpg 768w, https:\/\/globewomen.org\/globalsummit\/wp-content\/uploads\/2025\/09\/ozge-burut-murasli-e1758554626382-1394x1536.jpg 1394w, https:\/\/globewomen.org\/globalsummit\/wp-content\/uploads\/2025\/09\/ozge-burut-murasli-e1758554626382-1859x2048.jpg 1859w, https:\/\/globewomen.org\/globalsummit\/wp-content\/uploads\/2025\/09\/ozge-burut-murasli-e1758554626382-720x793.jpg 720w, https:\/\/globewomen.org\/globalsummit\/wp-content\/uploads\/2025\/09\/ozge-burut-murasli-e1758554626382-520x573.jpg 520w, https:\/\/globewomen.org\/globalsummit\/wp-content\/uploads\/2025\/09\/ozge-burut-murasli-e1758554626382-320x353.jpg 320w\" sizes=\"auto, (max-width: 165px) 100vw, 165px\" \/><\/p>\n<header class=\"entry-header\"><\/header>\n<header class=\"entry-header\"><\/header>\n<header class=\"entry-header\"><\/header>\n<header class=\"entry-header\"><\/header>\n<header class=\"entry-header\"><\/header>\n<header class=\"entry-header\"><\/header>\n<header class=\"entry-header\"><\/header>\n<header class=\"entry-header\"><\/header>\n<header class=\"entry-header\"><\/header>\n<header class=\"entry-header\"><\/header>\n<header class=\"entry-header\"><\/header>\n<header class=\"entry-header\"><\/header>\n<header class=\"entry-header\"><\/header>\n<header class=\"entry-header\"><\/header>\n<header class=\"entry-header\"><\/header>\n<header class=\"entry-header\"><\/header>\n<header class=\"entry-header\"><\/header>\n<header class=\"entry-header\"><\/header>\n<header class=\"entry-header\"><\/header>\n<header class=\"entry-header\"><\/header>\n<header class=\"entry-header\"><\/header>\n<header class=\"entry-header\"><\/header>\n<header class=\"entry-header\">\n<h2 class=\"entry-title\"><span style=\"color: #000080;\"><strong>\u00d6zge Bulut Mara\u015fl\u0131<\/strong><\/span><\/h2>\n<div class=\"entry-meta\"><\/div>\n<\/header>\n<p><span style=\"color: #000080;\"><strong>Current\/ previous positions:<\/strong> <strong>Board Director, Investor &amp; Consultant<\/strong><\/span><\/p>\n<p>&nbsp;<\/p>\n<p>&nbsp;<\/p>\n<hr \/>\n<h4 class=\"text-center\" style=\"text-align: center;\"><span style=\"color: #000080;\"><strong>BIOGRAPHY<\/strong><\/span><\/h4>\n<p><strong><span style=\"color: #000080;\">\u00d6zge Bulut Mara\u015fl\u0131 is a senior executive and board director with over three decades of leadership experience in consumer goods, agriculture, food, media, and holding companies. With more than 15 years of service as Board Director and Chairwoman, her core expertise includes corporate governance, investor relations, mergers and acquisitions, strategic planning, change management, and business development. She currently serves as Chairwoman of Fabu Makina Sanayi A.\u015e. and Independent Board Director at Fark Holding, \u0130\u015f Giri\u015fim Sermayesi Yat\u0131r\u0131m Ortakl\u0131\u011f\u0131, Akmerkez Gayrimenkul Yat\u0131r\u0131m Ortakl\u0131\u011f\u0131, and T\u00fcrk Tuborg A.\u015e. She is also Board Advisor to Do\u011fan Holding, and a member of the Investment Committee of Two Zero Media Venture Capital Fund and the Advisory Board of Arya Investment Fund. Previously, she held executive leadership roles as CEO responsible for Kanal D and D Productions, as Deputy CEO of Do\u011fan TV, and as Vice President of Strategic Planning at Do\u011fan Holding, overseeing business line integration and development. Before joining the Do\u011fan Group, between 2003 and 2006 she worked directly with the CEO of H.\u00d6. Sabanc\u0131 Holding A.\u015e., where she was responsible for strategic planning, business development, M&amp;A, privatization and restructuring of energy projects, as well as representing the holding across telecommunications, food, retail, automotive, and cement business units.<br \/>\n<\/span><\/strong><\/p>\n<\/div>\n<\/div><\/div><\/div><\/div><\/div>\n\n\n<p><\/p>\n","protected":false},"excerpt":{"rendered":"<p>\u00d6zge Bulut Mara\u015fl\u0131 Current\/ previous positions: Board Director, Investor &amp; Consultant &nbsp; &nbsp; BIOGRAPHY \u00d6zge Bulut Mara\u015fl\u0131 is a senior executive and board director with over three decades of leadership experience in consumer goods,&#46;&#46;&#46;<\/p>\n","protected":false},"author":1,"featured_media":0,"parent":0,"menu_order":0,"comment_status":"closed","ping_status":"closed","template":"","meta":{"footnotes":""},"class_list":["post-76037","page","type-page","status-publish","hentry"],"_links":{"self":[{"href":"https:\/\/globewomen.org\/globalsummit\/wp-json\/wp\/v2\/pages\/76037","targetHints":{"allow":["GET"]}}],"collection":[{"href":"https:\/\/globewomen.org\/globalsummit\/wp-json\/wp\/v2\/pages"}],"about":[{"href":"https:\/\/globewomen.org\/globalsummit\/wp-json\/wp\/v2\/types\/page"}],"author":[{"embeddable":true,"href":"https:\/\/globewomen.org\/globalsummit\/wp-json\/wp\/v2\/users\/1"}],"replies":[{"embeddable":true,"href":"https:\/\/globewomen.org\/globalsummit\/wp-json\/wp\/v2\/comments?post=76037"}],"version-history":[{"count":5,"href":"https:\/\/globewomen.org\/globalsummit\/wp-json\/wp\/v2\/pages\/76037\/revisions"}],"predecessor-version":[{"id":76043,"href":"https:\/\/globewomen.org\/globalsummit\/wp-json\/wp\/v2\/pages\/76037\/revisions\/76043"}],"wp:attachment":[{"href":"https:\/\/globewomen.org\/globalsummit\/wp-json\/wp\/v2\/media?parent=76037"}],"curies":[{"name":"wp","href":"https:\/\/api.w.org\/{rel}","templated":true}]}}