{"id":76018,"date":"2025-09-18T14:33:04","date_gmt":"2025-09-18T18:33:04","guid":{"rendered":"https:\/\/globewomen.org\/globalsummit\/?page_id=76018"},"modified":"2026-03-25T11:09:52","modified_gmt":"2026-03-25T15:09:52","slug":"bahar-taskin-ozturk-bio","status":"publish","type":"page","link":"https:\/\/globewomen.org\/globalsummit\/bahar-taskin-ozturk-bio\/","title":{"rendered":"Bahar Ta\u015fk\u0131n \u00d6zt\u00fcrk Bio"},"content":{"rendered":"<div id=\"pl-gb76018-69d7cb2c93faf\"  class=\"panel-layout wp-block-siteorigin-panels-layout-block\" ><div id=\"pg-gb76018-69d7cb2c93faf-0\"  class=\"panel-grid panel-no-style\" ><div id=\"pgc-gb76018-69d7cb2c93faf-0-0\"  class=\"panel-grid-cell\" ><div id=\"panel-gb76018-69d7cb2c93faf-0-0-0\" class=\"so-panel widget widget_sow-editor panel-first-child panel-last-child\" data-index=\"0\" ><div\n\t\t\t\n\t\t\tclass=\"so-widget-sow-editor so-widget-sow-editor-base\"\n\t\t\t\n\t\t>\n<div class=\"siteorigin-widget-tinymce textwidget\">\n\t<p><img loading=\"lazy\" decoding=\"async\" class=\"alignleft wp-image-76027 \" src=\"https:\/\/globewomen.org\/globalsummit\/wp-content\/uploads\/2025\/09\/Bahar-Taskin-Ozturk-edited.png\" alt=\"\" width=\"225\" height=\"219\" \/><\/p>\n<header class=\"entry-header\"><\/header>\n<header class=\"entry-header\"><\/header>\n<header class=\"entry-header\"><\/header>\n<header class=\"entry-header\"><\/header>\n<header class=\"entry-header\"><\/header>\n<header class=\"entry-header\"><\/header>\n<header class=\"entry-header\"><\/header>\n<header class=\"entry-header\"><\/header>\n<header class=\"entry-header\"><\/header>\n<header class=\"entry-header\"><\/header>\n<header class=\"entry-header\"><\/header>\n<header class=\"entry-header\"><\/header>\n<header class=\"entry-header\"><\/header>\n<header class=\"entry-header\"><\/header>\n<header class=\"entry-header\"><\/header>\n<header class=\"entry-header\"><\/header>\n<header class=\"entry-header\"><\/header>\n<header class=\"entry-header\"><\/header>\n<header class=\"entry-header\"><\/header>\n<header class=\"entry-header\"><\/header>\n<header class=\"entry-header\"><\/header>\n<header class=\"entry-header\"><\/header>\n<header class=\"entry-header\">\n<h2 class=\"entry-title\"><span style=\"color: #000080;\"><strong>Bahar Ta\u015fk\u0131n \u00d6zt\u00fcrk<\/strong><\/span><\/h2>\n<div class=\"entry-meta\"><\/div>\n<\/header>\n<p><span style=\"color: #000080;\"><strong>Current\/ previous positions:<\/strong> Founding President of <strong>Inclusion Awareness Network, INAN Derne\u011fi<\/strong> and Founder &amp; CEO <strong>Growth Forward Leadership<\/strong><\/span><\/p>\n<p>&nbsp;<\/p>\n<p>&nbsp;<\/p>\n<hr \/>\n<h4 class=\"text-center\" style=\"text-align: center;\"><span style=\"color: #000080;\"><strong>BIOGRAPHY<\/strong><\/span><\/h4>\n<p><strong><span style=\"color: #000080;\"> Bahar Ta\u015fk\u0131n \u00d6zt\u00fcrk is a forward-thinking leader dedicated to increasing diversity and inclusion in organizational success. As the founder of INAN and Chief Growth Officer at Twiser, she leads initiatives that benefit civil society and organizations. She previously held key positions at Tupperware, including MENA Country Manager and Turkey Sales and Marketing Director. Recognized by InStyle magazine as one of the 40 Pioneering Women who prioritize social good, she also collaborates with Harvard Business Review to host prominent names in the program \u201cSesi A\u00e7\u0131yoruz!\u201d and BloombergHT to discuss social impact in the program \u201cBahar Ta\u015fk\u0131n \u00d6zt\u00fcrk ile De\u011fi\u015fime \u0130nananlar\u201d. She holds the \u201cBusiness and Innovation\u201d Award from British Council\u2019s StudyUK Awards 2025.<br \/>\n<\/span><\/strong><\/p>\n<\/div>\n<\/div><\/div><\/div><\/div><\/div>\n\n\n<p><\/p>\n","protected":false},"excerpt":{"rendered":"<p>Bahar Ta\u015fk\u0131n \u00d6zt\u00fcrk Current\/ previous positions: Founding President of Inclusion Awareness Network, INAN Derne\u011fi and Founder &amp; CEO Growth Forward Leadership &nbsp; &nbsp; BIOGRAPHY Bahar Ta\u015fk\u0131n \u00d6zt\u00fcrk is a forward-thinking leader dedicated to increasing&#46;&#46;&#46;<\/p>\n","protected":false},"author":1,"featured_media":0,"parent":0,"menu_order":0,"comment_status":"closed","ping_status":"closed","template":"","meta":{"footnotes":""},"class_list":["post-76018","page","type-page","status-publish","hentry"],"_links":{"self":[{"href":"https:\/\/globewomen.org\/globalsummit\/wp-json\/wp\/v2\/pages\/76018","targetHints":{"allow":["GET"]}}],"collection":[{"href":"https:\/\/globewomen.org\/globalsummit\/wp-json\/wp\/v2\/pages"}],"about":[{"href":"https:\/\/globewomen.org\/globalsummit\/wp-json\/wp\/v2\/types\/page"}],"author":[{"embeddable":true,"href":"https:\/\/globewomen.org\/globalsummit\/wp-json\/wp\/v2\/users\/1"}],"replies":[{"embeddable":true,"href":"https:\/\/globewomen.org\/globalsummit\/wp-json\/wp\/v2\/comments?post=76018"}],"version-history":[{"count":5,"href":"https:\/\/globewomen.org\/globalsummit\/wp-json\/wp\/v2\/pages\/76018\/revisions"}],"predecessor-version":[{"id":77302,"href":"https:\/\/globewomen.org\/globalsummit\/wp-json\/wp\/v2\/pages\/76018\/revisions\/77302"}],"wp:attachment":[{"href":"https:\/\/globewomen.org\/globalsummit\/wp-json\/wp\/v2\/media?parent=76018"}],"curies":[{"name":"wp","href":"https:\/\/api.w.org\/{rel}","templated":true}]}}