{"id":76011,"date":"2025-09-18T14:20:23","date_gmt":"2025-09-18T18:20:23","guid":{"rendered":"https:\/\/globewomen.org\/globalsummit\/?page_id=76011"},"modified":"2025-09-18T14:30:55","modified_gmt":"2025-09-18T18:30:55","slug":"ahmetdorduncu-bio","status":"publish","type":"page","link":"https:\/\/globewomen.org\/globalsummit\/ahmetdorduncu-bio\/","title":{"rendered":"Ahmet D\u00f6rd\u00fcnc\u00fc Bio"},"content":{"rendered":"<div id=\"pl-gb76011-69d7e42d2acdd\"  class=\"panel-layout wp-block-siteorigin-panels-layout-block\" ><div id=\"pg-gb76011-69d7e42d2acdd-0\"  class=\"panel-grid panel-no-style\" ><div id=\"pgc-gb76011-69d7e42d2acdd-0-0\"  class=\"panel-grid-cell\" ><div id=\"panel-gb76011-69d7e42d2acdd-0-0-0\" class=\"so-panel widget widget_sow-editor panel-first-child panel-last-child\" data-index=\"0\" ><div\n\t\t\t\n\t\t\tclass=\"so-widget-sow-editor so-widget-sow-editor-base\"\n\t\t\t\n\t\t>\n<div class=\"siteorigin-widget-tinymce textwidget\">\n\t<p><img loading=\"lazy\" decoding=\"async\" class=\"alignleft wp-image-76014 \" src=\"https:\/\/globewomen.org\/globalsummit\/wp-content\/uploads\/2025\/09\/Ahmet-Dorduncu-e1758219992326-263x300.jpg\" alt=\"\" width=\"191\" height=\"218\" srcset=\"https:\/\/globewomen.org\/globalsummit\/wp-content\/uploads\/2025\/09\/Ahmet-Dorduncu-e1758219992326-263x300.jpg 263w, https:\/\/globewomen.org\/globalsummit\/wp-content\/uploads\/2025\/09\/Ahmet-Dorduncu-e1758219992326-896x1024.jpg 896w, https:\/\/globewomen.org\/globalsummit\/wp-content\/uploads\/2025\/09\/Ahmet-Dorduncu-e1758219992326-768x878.jpg 768w, https:\/\/globewomen.org\/globalsummit\/wp-content\/uploads\/2025\/09\/Ahmet-Dorduncu-e1758219992326-1344x1536.jpg 1344w, https:\/\/globewomen.org\/globalsummit\/wp-content\/uploads\/2025\/09\/Ahmet-Dorduncu-e1758219992326-1792x2048.jpg 1792w, https:\/\/globewomen.org\/globalsummit\/wp-content\/uploads\/2025\/09\/Ahmet-Dorduncu-e1758219992326-720x823.jpg 720w, https:\/\/globewomen.org\/globalsummit\/wp-content\/uploads\/2025\/09\/Ahmet-Dorduncu-e1758219992326-520x594.jpg 520w, https:\/\/globewomen.org\/globalsummit\/wp-content\/uploads\/2025\/09\/Ahmet-Dorduncu-e1758219992326-320x366.jpg 320w, https:\/\/globewomen.org\/globalsummit\/wp-content\/uploads\/2025\/09\/Ahmet-Dorduncu-e1758219992326.jpg 1820w\" sizes=\"auto, (max-width: 191px) 100vw, 191px\" \/><\/p>\n<header class=\"entry-header\"><\/header>\n<header class=\"entry-header\"><\/header>\n<header class=\"entry-header\"><\/header>\n<header class=\"entry-header\"><\/header>\n<header class=\"entry-header\"><\/header>\n<header class=\"entry-header\"><\/header>\n<header class=\"entry-header\"><\/header>\n<header class=\"entry-header\"><\/header>\n<header class=\"entry-header\"><\/header>\n<header class=\"entry-header\"><\/header>\n<header class=\"entry-header\"><\/header>\n<header class=\"entry-header\"><\/header>\n<header class=\"entry-header\"><\/header>\n<header class=\"entry-header\"><\/header>\n<header class=\"entry-header\"><\/header>\n<header class=\"entry-header\"><\/header>\n<header class=\"entry-header\"><\/header>\n<header class=\"entry-header\"><\/header>\n<header class=\"entry-header\"><\/header>\n<header class=\"entry-header\"><\/header>\n<header class=\"entry-header\"><\/header>\n<header class=\"entry-header\"><\/header>\n<header class=\"entry-header\">\n<h2 class=\"entry-title\"><span style=\"color: #000080;\"><strong>Ahmet D\u00f6rd\u00fcnc\u00fc<\/strong><\/span><\/h2>\n<div class=\"entry-meta\"><\/div>\n<\/header>\n<p><span style=\"color: #000080;\"><strong>Current\/ previous positions:<\/strong> <strong>Board Director, Akk\u00f6k Holding <\/strong><\/span><\/p>\n<p>&nbsp;<\/p>\n<p>&nbsp;<\/p>\n<hr \/>\n<h4 class=\"text-center\" style=\"text-align: center;\"><span style=\"color: #000080;\"><strong>BIOGRAPHY<\/strong><\/span><\/h4>\n<p><strong><span style=\"color: #000080;\"> Ahmet Cemal D\u00f6rd\u00fcnc\u00fc began his professional career at Claas OHG in Germany and, between 1984 and 1987, continued at Mercedes Benz A.\u015e. in Turkey. In 1987, he joined the Sabanc\u0131 Group, where he held several senior management positions at Kordsa A.\u015e. until 1998. Subsequently, he took on leadership roles at the Group\u2019s DUSA company, serving as General Manager and later President of DUSA South America, followed by DUSA North America. In 2004, he was appointed Head of Strategic Planning and Business Development at Sabanc\u0131 Holding, and from 2005 to 2010, he served as Chief Executive Officer of Sabanc\u0131 Holding. Between 2013 and 2022, he held the position of Chief Executive Officer at Akk\u00f6k Holding and currently serves as a Member of the Board of Directors of Akk\u00f6k Holding. In addition, he is also Chairman of the Board of UN Global Compact Turkey and serves as a Board Member of International Paper Co., Aras Kargo and Zorlu Holding, Anadolu Grubu Holding.<br \/>\n<\/span><\/strong><\/p>\n<\/div>\n<\/div><\/div><\/div><\/div><\/div>\n\n\n<p><\/p>\n","protected":false},"excerpt":{"rendered":"<p>Ahmet D\u00f6rd\u00fcnc\u00fc Current\/ previous positions: Board Director, Akk\u00f6k Holding &nbsp; &nbsp; BIOGRAPHY Ahmet Cemal D\u00f6rd\u00fcnc\u00fc began his professional career at Claas OHG in Germany and, between 1984 and 1987, continued at Mercedes Benz A.\u015e.&#46;&#46;&#46;<\/p>\n","protected":false},"author":1,"featured_media":0,"parent":0,"menu_order":0,"comment_status":"closed","ping_status":"closed","template":"","meta":{"footnotes":""},"class_list":["post-76011","page","type-page","status-publish","hentry"],"_links":{"self":[{"href":"https:\/\/globewomen.org\/globalsummit\/wp-json\/wp\/v2\/pages\/76011","targetHints":{"allow":["GET"]}}],"collection":[{"href":"https:\/\/globewomen.org\/globalsummit\/wp-json\/wp\/v2\/pages"}],"about":[{"href":"https:\/\/globewomen.org\/globalsummit\/wp-json\/wp\/v2\/types\/page"}],"author":[{"embeddable":true,"href":"https:\/\/globewomen.org\/globalsummit\/wp-json\/wp\/v2\/users\/1"}],"replies":[{"embeddable":true,"href":"https:\/\/globewomen.org\/globalsummit\/wp-json\/wp\/v2\/comments?post=76011"}],"version-history":[{"count":2,"href":"https:\/\/globewomen.org\/globalsummit\/wp-json\/wp\/v2\/pages\/76011\/revisions"}],"predecessor-version":[{"id":76017,"href":"https:\/\/globewomen.org\/globalsummit\/wp-json\/wp\/v2\/pages\/76011\/revisions\/76017"}],"wp:attachment":[{"href":"https:\/\/globewomen.org\/globalsummit\/wp-json\/wp\/v2\/media?parent=76011"}],"curies":[{"name":"wp","href":"https:\/\/api.w.org\/{rel}","templated":true}]}}