{"id":76007,"date":"2025-09-17T15:25:26","date_gmt":"2025-09-17T19:25:26","guid":{"rendered":"https:\/\/globewomen.org\/globalsummit\/?page_id=76007"},"modified":"2025-10-22T15:29:38","modified_gmt":"2025-10-22T19:29:38","slug":"ozlem-yesildere-bio","status":"publish","type":"page","link":"https:\/\/globewomen.org\/globalsummit\/ozlem-yesildere-bio\/","title":{"rendered":"\u00d6zlem Ye\u015fildere Bio"},"content":{"rendered":"<div id=\"pl-gb76007-69d7caee44c89\"  class=\"panel-layout wp-block-siteorigin-panels-layout-block\" ><div id=\"pg-gb76007-69d7caee44c89-0\"  class=\"panel-grid panel-no-style\" ><div id=\"pgc-gb76007-69d7caee44c89-0-0\"  class=\"panel-grid-cell\" ><div id=\"panel-gb76007-69d7caee44c89-0-0-0\" class=\"so-panel widget widget_sow-editor panel-first-child panel-last-child\" data-index=\"0\" ><div\n\t\t\t\n\t\t\tclass=\"so-widget-sow-editor so-widget-sow-editor-base\"\n\t\t\t\n\t\t>\n<div class=\"siteorigin-widget-tinymce textwidget\">\n\t<p><img loading=\"lazy\" decoding=\"async\" class=\"wp-image-75978 alignleft\" src=\"https:\/\/globewomen.org\/globalsummit\/wp-content\/uploads\/2025\/09\/Ozlem-Yesildere-e1758136172748-286x300.jpg\" alt=\"\" width=\"205\" height=\"215\" srcset=\"https:\/\/globewomen.org\/globalsummit\/wp-content\/uploads\/2025\/09\/Ozlem-Yesildere-e1758136172748-286x300.jpg 286w, https:\/\/globewomen.org\/globalsummit\/wp-content\/uploads\/2025\/09\/Ozlem-Yesildere-e1758136172748-976x1024.jpg 976w, https:\/\/globewomen.org\/globalsummit\/wp-content\/uploads\/2025\/09\/Ozlem-Yesildere-e1758136172748-768x806.jpg 768w, https:\/\/globewomen.org\/globalsummit\/wp-content\/uploads\/2025\/09\/Ozlem-Yesildere-e1758136172748-1464x1536.jpg 1464w, https:\/\/globewomen.org\/globalsummit\/wp-content\/uploads\/2025\/09\/Ozlem-Yesildere-e1758136172748-1952x2048.jpg 1952w, https:\/\/globewomen.org\/globalsummit\/wp-content\/uploads\/2025\/09\/Ozlem-Yesildere-e1758136172748-720x755.jpg 720w, https:\/\/globewomen.org\/globalsummit\/wp-content\/uploads\/2025\/09\/Ozlem-Yesildere-e1758136172748-520x546.jpg 520w, https:\/\/globewomen.org\/globalsummit\/wp-content\/uploads\/2025\/09\/Ozlem-Yesildere-e1758136172748-320x336.jpg 320w\" sizes=\"auto, (max-width: 205px) 100vw, 205px\" \/><\/p>\n<header class=\"entry-header\"><\/header>\n<header class=\"entry-header\"><\/header>\n<header class=\"entry-header\"><\/header>\n<header class=\"entry-header\"><\/header>\n<header class=\"entry-header\"><\/header>\n<header class=\"entry-header\"><\/header>\n<header class=\"entry-header\"><\/header>\n<header class=\"entry-header\"><\/header>\n<header class=\"entry-header\"><\/header>\n<header class=\"entry-header\"><\/header>\n<header class=\"entry-header\"><\/header>\n<header class=\"entry-header\"><\/header>\n<header class=\"entry-header\"><\/header>\n<header class=\"entry-header\"><\/header>\n<header class=\"entry-header\"><\/header>\n<header class=\"entry-header\"><\/header>\n<header class=\"entry-header\"><\/header>\n<header class=\"entry-header\"><\/header>\n<header class=\"entry-header\"><\/header>\n<header class=\"entry-header\"><\/header>\n<header class=\"entry-header\"><\/header>\n<header class=\"entry-header\"><\/header>\n<header class=\"entry-header\">\n<h2 class=\"entry-title\"><span style=\"color: #000080;\"><strong>\u00d6zlem Ye\u015fildere<\/strong><\/span><\/h2>\n<div class=\"entry-meta\"><\/div>\n<\/header>\n<p><span style=\"color: #000080;\"><strong>Current\/ previous positions:<\/strong> <strong>VP Finance, Diageo Brazil <\/strong><\/span><\/p>\n<p>&nbsp;<\/p>\n<p>&nbsp;<\/p>\n<hr \/>\n<h4 class=\"text-center\" style=\"text-align: center;\"><span style=\"color: #000080;\"><strong>BIOGRAPHY<\/strong><\/span><\/h4>\n<p><strong><span style=\"color: #000080;\"> Since 2019, \u00d6zlem Ye\u015fildere has worked with Diageo\u2014initially leading Finance &amp; Digital Transformation in Turkey, and from 2025, overseeing Finance in Diageo Brazil. Since 2022, she also chairs Diageo\u2019s Global Cash Council. She began her career as a management consultant before joining Procter &amp; Gamble, where she held key Finance and Operations roles across Turkey and Europe. Later, she joined Philips and assumed the CFO role for Turkey and the Middle East, overseeing finance operations across 15 countries and four offices. Subsequently, she transitioned to private equity\u2013backed firms to drive transformation. At Mobiliz Technology, she directed a full-scale business turnaround as CEO. At Koton Fashion Retail, she managed global finance and strategy at the executive level. In addition, she serves as an Independent Director on the board of Unlu &amp; Co. and is a co-founder of YenidenBiz (supporting women returning to work) and G\u00fcny\u00fcz\u00fc Association (focused on positive parenting).<br \/>\n<\/span><\/strong><\/p>\n<\/div>\n<\/div><\/div><\/div><\/div><\/div>\n\n\n<p><\/p>\n","protected":false},"excerpt":{"rendered":"<p>\u00d6zlem Ye\u015fildere Current\/ previous positions: VP Finance, Diageo Brazil &nbsp; &nbsp; BIOGRAPHY Since 2019, \u00d6zlem Ye\u015fildere has worked with Diageo\u2014initially leading Finance &amp; Digital Transformation in Turkey, and from 2025, overseeing Finance in Diageo&#46;&#46;&#46;<\/p>\n","protected":false},"author":1,"featured_media":0,"parent":0,"menu_order":0,"comment_status":"closed","ping_status":"closed","template":"","meta":{"footnotes":""},"class_list":["post-76007","page","type-page","status-publish","hentry"],"_links":{"self":[{"href":"https:\/\/globewomen.org\/globalsummit\/wp-json\/wp\/v2\/pages\/76007","targetHints":{"allow":["GET"]}}],"collection":[{"href":"https:\/\/globewomen.org\/globalsummit\/wp-json\/wp\/v2\/pages"}],"about":[{"href":"https:\/\/globewomen.org\/globalsummit\/wp-json\/wp\/v2\/types\/page"}],"author":[{"embeddable":true,"href":"https:\/\/globewomen.org\/globalsummit\/wp-json\/wp\/v2\/users\/1"}],"replies":[{"embeddable":true,"href":"https:\/\/globewomen.org\/globalsummit\/wp-json\/wp\/v2\/comments?post=76007"}],"version-history":[{"count":4,"href":"https:\/\/globewomen.org\/globalsummit\/wp-json\/wp\/v2\/pages\/76007\/revisions"}],"predecessor-version":[{"id":76321,"href":"https:\/\/globewomen.org\/globalsummit\/wp-json\/wp\/v2\/pages\/76007\/revisions\/76321"}],"wp:attachment":[{"href":"https:\/\/globewomen.org\/globalsummit\/wp-json\/wp\/v2\/media?parent=76007"}],"curies":[{"name":"wp","href":"https:\/\/api.w.org\/{rel}","templated":true}]}}