{"id":75953,"date":"2025-09-17T11:52:22","date_gmt":"2025-09-17T15:52:22","guid":{"rendered":"https:\/\/globewomen.org\/globalsummit\/?page_id=75953"},"modified":"2025-09-17T11:53:38","modified_gmt":"2025-09-17T15:53:38","slug":"ozlem-aydin-ayvaci-bio","status":"publish","type":"page","link":"https:\/\/globewomen.org\/globalsummit\/ozlem-aydin-ayvaci-bio\/","title":{"rendered":"\u00d6zlem Ayd\u0131n Ayvac\u0131 Bio"},"content":{"rendered":"<div id=\"pl-gb75953-69d7cbf12d34f\"  class=\"panel-layout wp-block-siteorigin-panels-layout-block\" ><div id=\"pg-gb75953-69d7cbf12d34f-0\"  class=\"panel-grid panel-no-style\" ><div id=\"pgc-gb75953-69d7cbf12d34f-0-0\"  class=\"panel-grid-cell\" ><div id=\"panel-gb75953-69d7cbf12d34f-0-0-0\" class=\"so-panel widget widget_sow-editor panel-first-child panel-last-child\" data-index=\"0\" ><div\n\t\t\t\n\t\t\tclass=\"so-widget-sow-editor so-widget-sow-editor-base\"\n\t\t\t\n\t\t>\n<div class=\"siteorigin-widget-tinymce textwidget\">\n\t<p><img loading=\"lazy\" decoding=\"async\" class=\"alignleft wp-image-75943 \" src=\"https:\/\/globewomen.org\/globalsummit\/wp-content\/uploads\/2025\/09\/ozlem-aydin-ayvaci-e1758122985829-256x300.jpg\" alt=\"\" width=\"178\" height=\"208\" srcset=\"https:\/\/globewomen.org\/globalsummit\/wp-content\/uploads\/2025\/09\/ozlem-aydin-ayvaci-e1758122985829-256x300.jpg 256w, https:\/\/globewomen.org\/globalsummit\/wp-content\/uploads\/2025\/09\/ozlem-aydin-ayvaci-e1758122985829-875x1024.jpg 875w, https:\/\/globewomen.org\/globalsummit\/wp-content\/uploads\/2025\/09\/ozlem-aydin-ayvaci-e1758122985829-768x899.jpg 768w, https:\/\/globewomen.org\/globalsummit\/wp-content\/uploads\/2025\/09\/ozlem-aydin-ayvaci-e1758122985829-720x842.jpg 720w, https:\/\/globewomen.org\/globalsummit\/wp-content\/uploads\/2025\/09\/ozlem-aydin-ayvaci-e1758122985829-520x608.jpg 520w, https:\/\/globewomen.org\/globalsummit\/wp-content\/uploads\/2025\/09\/ozlem-aydin-ayvaci-e1758122985829-320x374.jpg 320w, https:\/\/globewomen.org\/globalsummit\/wp-content\/uploads\/2025\/09\/ozlem-aydin-ayvaci-e1758122985829.jpg 1000w\" sizes=\"auto, (max-width: 178px) 100vw, 178px\" \/><\/p>\n<header class=\"entry-header\"><\/header>\n<header class=\"entry-header\"><\/header>\n<header class=\"entry-header\"><\/header>\n<header class=\"entry-header\"><\/header>\n<header class=\"entry-header\"><\/header>\n<header class=\"entry-header\"><\/header>\n<header class=\"entry-header\"><\/header>\n<header class=\"entry-header\"><\/header>\n<header class=\"entry-header\"><\/header>\n<header class=\"entry-header\"><\/header>\n<header class=\"entry-header\"><\/header>\n<header class=\"entry-header\"><\/header>\n<header class=\"entry-header\"><\/header>\n<header class=\"entry-header\"><\/header>\n<header class=\"entry-header\"><\/header>\n<header class=\"entry-header\"><\/header>\n<header class=\"entry-header\"><\/header>\n<header class=\"entry-header\"><\/header>\n<header class=\"entry-header\"><\/header>\n<header class=\"entry-header\"><\/header>\n<header class=\"entry-header\"><\/header>\n<header class=\"entry-header\"><\/header>\n<header class=\"entry-header\">\n<h2 class=\"entry-title\"><span style=\"color: #000080;\"><strong>\u00d6zlem Ayd\u0131n Ayvac\u0131<\/strong><\/span><\/h2>\n<div class=\"entry-meta\"><\/div>\n<\/header>\n<p><span style=\"color: #000080;\"><strong>Current\/ previous positions:<\/strong> <strong>Deputy Editor in Chief, <em>Capital <\/em>and Editor in Chief, <em>CEOLife<\/em><\/strong><\/span><\/p>\n<p>&nbsp;<\/p>\n<p>&nbsp;<\/p>\n<hr \/>\n<h4 class=\"text-center\" style=\"text-align: center;\"><span style=\"color: #000080;\"><strong>BIOGRAPHY<\/strong><\/span><\/h4>\n<p><strong><span style=\"color: #000080;\"> \u00d6zlem Ayd\u0131n Ayvac\u0131 is the Deputy Editor-in-Chief of Capital, Turkiye\u2019s leading business and economy magazine, the Editor in Chief of CEOLife magazine, and an editor at StartUp magazine, where she follows the country\u2019s dynamic entrepreneurship and investment ecosystem. With more than 20 years of experience in business journalism, she has become a prominent voice in shaping the public understanding of corporate leadership, finance, technology, and sustainability in Turkiye. She has spearheaded influential research projects that highlight the role of leadership, philanthropy, and inclusivity in business, including the \u201cGlobal 50 Turkish Women Leaders,\u201d \u201c50 Philanthropic Turkish Business Leaders,\u201d \u201c100 Women-Friendly Companies,\u201d and the \u201cGlobal 50 Turkish Companies.\u201d These projects have set important benchmarks for both the private sector and wider society by showcasing inspiring leaders and companies that make a difference. Beyond her editorial leadership, she actively contributes to the conversation on inclusive and sustainable business practices, believing that economic growth must be tied to broader social impact.<br \/>\n<\/span><\/strong><\/p>\n<\/div>\n<\/div><\/div><\/div><\/div><\/div>\n\n\n<p><\/p>\n","protected":false},"excerpt":{"rendered":"<p>\u00d6zlem Ayd\u0131n Ayvac\u0131 Current\/ previous positions: Deputy Editor in Chief, Capital and Editor in Chief, CEOLife &nbsp; &nbsp; BIOGRAPHY \u00d6zlem Ayd\u0131n Ayvac\u0131 is the Deputy Editor-in-Chief of Capital, Turkiye\u2019s leading business and economy magazine,&#46;&#46;&#46;<\/p>\n","protected":false},"author":1,"featured_media":0,"parent":0,"menu_order":0,"comment_status":"closed","ping_status":"closed","template":"","meta":{"footnotes":""},"class_list":["post-75953","page","type-page","status-publish","hentry"],"_links":{"self":[{"href":"https:\/\/globewomen.org\/globalsummit\/wp-json\/wp\/v2\/pages\/75953","targetHints":{"allow":["GET"]}}],"collection":[{"href":"https:\/\/globewomen.org\/globalsummit\/wp-json\/wp\/v2\/pages"}],"about":[{"href":"https:\/\/globewomen.org\/globalsummit\/wp-json\/wp\/v2\/types\/page"}],"author":[{"embeddable":true,"href":"https:\/\/globewomen.org\/globalsummit\/wp-json\/wp\/v2\/users\/1"}],"replies":[{"embeddable":true,"href":"https:\/\/globewomen.org\/globalsummit\/wp-json\/wp\/v2\/comments?post=75953"}],"version-history":[{"count":2,"href":"https:\/\/globewomen.org\/globalsummit\/wp-json\/wp\/v2\/pages\/75953\/revisions"}],"predecessor-version":[{"id":75955,"href":"https:\/\/globewomen.org\/globalsummit\/wp-json\/wp\/v2\/pages\/75953\/revisions\/75955"}],"wp:attachment":[{"href":"https:\/\/globewomen.org\/globalsummit\/wp-json\/wp\/v2\/media?parent=75953"}],"curies":[{"name":"wp","href":"https:\/\/api.w.org\/{rel}","templated":true}]}}