{"id":57220,"date":"2023-09-20T14:01:05","date_gmt":"2023-09-20T18:01:05","guid":{"rendered":"https:\/\/globewomen.org\/globalsummit\/?page_id=57220"},"modified":"2023-09-20T14:01:07","modified_gmt":"2023-09-20T18:01:07","slug":"guillermina-mekuy-bio","status":"publish","type":"page","link":"https:\/\/globewomen.org\/globalsummit\/guillermina-mekuy-bio\/","title":{"rendered":"Guillermina Mekuy Bio"},"content":{"rendered":"<div id=\"pl-gb57220-69ea67b28bbc9\"  class=\"panel-layout\" ><div id=\"pg-gb57220-69ea67b28bbc9-0\"  class=\"panel-grid panel-no-style\" ><div id=\"pgc-gb57220-69ea67b28bbc9-0-0\"  class=\"panel-grid-cell\" ><div id=\"panel-gb57220-69ea67b28bbc9-0-0-0\" class=\"so-panel widget widget_sow-editor panel-first-child panel-last-child\" data-index=\"0\" ><div\n\t\t\t\n\t\t\tclass=\"so-widget-sow-editor so-widget-sow-editor-base\"\n\t\t\t\n\t\t>\n<div class=\"siteorigin-widget-tinymce textwidget\">\n\t<p><img loading=\"lazy\" decoding=\"async\" class=\"alignleft wp-image-57221 \" src=\"https:\/\/globewomen.org\/globalsummit\/wp-content\/uploads\/2023\/09\/photo-Host-Committee-Guillermina-Mekuy.jpg\" alt=\"\" width=\"138\" height=\"207\" \/><\/p>\n<header class=\"entry-header\"><\/header>\n<header class=\"entry-header\"><\/header>\n<header class=\"entry-header\"><\/header>\n<header class=\"entry-header\"><\/header>\n<header class=\"entry-header\"><\/header>\n<header class=\"entry-header\"><\/header>\n<header class=\"entry-header\"><\/header>\n<header class=\"entry-header\"><\/header>\n<header class=\"entry-header\"><\/header>\n<header class=\"entry-header\"><\/header>\n<header class=\"entry-header\"><\/header>\n<header class=\"entry-header\"><\/header>\n<header class=\"entry-header\"><\/header>\n<header class=\"entry-header\">\n<\/header>\n<header class=\"entry-header\">\n<h2 class=\"entry-title\"><span style=\"color: #000080;\">Guillermina Mekuy<\/span><\/h2>\n<div class=\"entry-meta\"><\/div>\n<\/header>\n<p><span style=\"color: #000080;\"><strong>Current\/ previous positions:<\/strong>\u00a0Pr\u00e9sident and Ceo of Diversity &amp; Developmentand. Writer. Former minister of culture and tourism<\/span><\/p>\n<p><strong><span style=\"color: #000080;\">Linkedin:<\/span>\u00a0<\/strong><a href=\"https:\/\/es.linkedin.com\/in\/guillermina-mekuy-0a5004207\" target=\"_blank\" rel=\"noopener\">https:\/\/es.linkedin.com\/in\/guillermina-mekuy-0a5004207<\/a><\/p>\n<p>&nbsp;<\/p>\n<p>&nbsp;<\/p>\n<hr \/>\n<h4 class=\"text-center\" style=\"text-align: center;\"><span style=\"color: #000080;\"><strong>BIOGRAPHY<\/strong><\/span><\/h4>\n<p><strong><span style=\"color: #000080;\">Guillermina Mekuy, has a degree in Law and Political Science from the Autonomous University of Madrid. At the age of seventeen, she began her career as a writer, starting a literary career that has led her to become one of the African and European writers. Publications: \u201cEldania\u201d, \u201cLas hijas de Tom\u00e1s Ond\u00f3 y Teresa Garc\u00eda\u201d y \u201cTres almas para un coraz\u00f3n, mi poligamia\u201d. She is currently writing her fourth essay, entitled \u201cMaternity and Science. A decision of Love\u201d.<\/span><\/strong><br \/>\n<strong><span style=\"color: #000080;\">Business woman: she creates the \u201cSue\u00f1o Joven\u201d, business group, a business group committed to culture. In 2013, she founded REVISTA MEIK, \u201cLa esencia del Mestizaje\u201d. Now, the magazine becomes DIVERSITY MEIK DIGITAL MAGAZINE. In 2016, she founded MK Ediciones, to give voice the new women writers.<\/span><\/strong><br \/>\n<strong><span style=\"color: #000080;\">It participates in the development other cultural and cinematographic projects of international level and scope: \u201cLumba Producciones\u201d. Currently, it has acquired the name \u201cMyna Productions and Events\u201d.<\/span><\/strong><br \/>\n<strong><span style=\"color: #000080;\">In 2020, she designed and created the Oyala Gynecology and Fertility Center.<\/span><\/strong><br \/>\n<strong><span style=\"color: #000080;\">President and CEO of MYNA \u2013 WORLD BUSINESS DEVELOPMENT IN 2022.<\/span><\/strong><br \/>\n<strong><span style=\"color: #000080;\">In the political area, she was former Minister of Culture and Tourism in Guinea ecuatorial.<\/span><\/strong><br \/>\n<strong><span style=\"color: #000080;\">As a person concerned about of women health and skin care, as well as the beauty of women, she launches a cosmetic line called Cl\u00e8mentyne Cosmetic. Diamond Panther is the new exclusive line of Cl\u00e8mentyne Cosmetic.<\/span><\/strong><\/p>\n<\/div>\n<\/div><\/div><\/div><\/div><\/div>","protected":false},"excerpt":{"rendered":"<p>Guillermina Mekuy Current\/ previous positions:\u00a0Pr\u00e9sident and Ceo of Diversity &amp; Developmentand. Writer. Former minister of culture and tourism Linkedin:\u00a0https:\/\/es.linkedin.com\/in\/guillermina-mekuy-0a5004207 &nbsp; &nbsp; BIOGRAPHY Guillermina Mekuy, has a degree in Law and Political Science from the&#46;&#46;&#46;<\/p>\n","protected":false},"author":1,"featured_media":0,"parent":0,"menu_order":0,"comment_status":"closed","ping_status":"closed","template":"","meta":{"footnotes":""},"class_list":["post-57220","page","type-page","status-publish","hentry"],"_links":{"self":[{"href":"https:\/\/globewomen.org\/globalsummit\/wp-json\/wp\/v2\/pages\/57220","targetHints":{"allow":["GET"]}}],"collection":[{"href":"https:\/\/globewomen.org\/globalsummit\/wp-json\/wp\/v2\/pages"}],"about":[{"href":"https:\/\/globewomen.org\/globalsummit\/wp-json\/wp\/v2\/types\/page"}],"author":[{"embeddable":true,"href":"https:\/\/globewomen.org\/globalsummit\/wp-json\/wp\/v2\/users\/1"}],"replies":[{"embeddable":true,"href":"https:\/\/globewomen.org\/globalsummit\/wp-json\/wp\/v2\/comments?post=57220"}],"version-history":[{"count":1,"href":"https:\/\/globewomen.org\/globalsummit\/wp-json\/wp\/v2\/pages\/57220\/revisions"}],"predecessor-version":[{"id":57222,"href":"https:\/\/globewomen.org\/globalsummit\/wp-json\/wp\/v2\/pages\/57220\/revisions\/57222"}],"wp:attachment":[{"href":"https:\/\/globewomen.org\/globalsummit\/wp-json\/wp\/v2\/media?parent=57220"}],"curies":[{"name":"wp","href":"https:\/\/api.w.org\/{rel}","templated":true}]}}