{"id":56949,"date":"2023-08-03T13:41:44","date_gmt":"2023-08-03T17:41:44","guid":{"rendered":"https:\/\/globewomen.org\/globalsummit\/?page_id=56949"},"modified":"2023-08-03T13:42:32","modified_gmt":"2023-08-03T17:42:32","slug":"2019-swiss-host-committee","status":"publish","type":"page","link":"https:\/\/globewomen.org\/globalsummit\/2019-swiss-host-committee\/","title":{"rendered":"2019 Swiss Host Committee"},"content":{"rendered":"<div id=\"pl-gb56949-69ebb7f9023dc\"  class=\"panel-layout\" ><div id=\"pg-gb56949-69ebb7f9023dc-0\"  class=\"panel-grid panel-no-style\" ><div id=\"pgc-gb56949-69ebb7f9023dc-0-0\"  class=\"panel-grid-cell\" ><div id=\"panel-gb56949-69ebb7f9023dc-0-0-0\" class=\"so-panel widget widget_sow-editor panel-first-child panel-last-child\" data-index=\"0\" ><div\n\t\t\t\n\t\t\tclass=\"so-widget-sow-editor so-widget-sow-editor-base\"\n\t\t\t\n\t\t>\n<div class=\"siteorigin-widget-tinymce textwidget\">\n\t<h3 style=\"text-align: center;\"><span style=\"color: #0000ff;\"><strong><u>Swiss Host Committee<\/u><\/strong><\/span><\/h3>\n<p style=\"text-align: center;\"><span style=\"color: #333333;\"><strong><u>Co-Leaders: <\/u><\/strong><\/span><\/p>\n<p style=\"text-align: center;\"><span style=\"color: #333333;\"><strong>Christine Schmid<br \/>\n<\/strong>Managing Director, Credit Suisse and Head of Investment Solutions, Swiss Universal Bank<\/span><\/p>\n<p style=\"text-align: center;\"><span style=\"color: #333333;\"><strong>Nora Teuwsen<\/strong><\/span><br \/>\n<span style=\"color: #333333;\">Group General Counsel, Swiss Federal Railways (SBB)<\/span><\/p>\n<hr \/>\n<p style=\"text-align: center;\"><span style=\"color: #333333;\"><strong><u>Committee Members: <\/u><\/strong><\/span><\/p>\n<p style=\"text-align: center;\"><span style=\"color: #333333;\"><strong>Gaelle Boix<\/strong><\/span><br \/>\n<span style=\"color: #333333;\">Partner, Egon Zehnder<\/span><\/p>\n<p style=\"text-align: center;\"><span style=\"color: #333333;\"><strong>Elisabeth Bosshart<\/strong><\/span><br \/>\n<span style=\"color: #333333;\">President, Bosshart Consulting gmbh<\/span><\/p>\n<p style=\"text-align: center;\"><span style=\"color: #333333;\"><strong>Michele Burger<\/strong><\/span><br \/>\n<span style=\"color: #333333;\">General Counsel Corporate, Nestle S.A.<\/span><\/p>\n<p style=\"text-align: center;\"><span style=\"color: #333333;\"><strong>Diane De Saint Victor<\/strong><\/span><br \/>\n<span style=\"color: #333333;\">General Counsel and Company Secretary, ABB Ltd<\/span><\/p>\n<p style=\"text-align: center;\"><span style=\"color: #333333;\"><strong>Robin Errico<\/strong> <\/span><br \/>\n<span style=\"color: #333333;\">Chief Risk Officer; Diversity and Inclusion Lead, Ernst and Young<\/span><\/p>\n<p style=\"text-align: center;\"><span style=\"color: #333333;\"><strong>Johanna Friedl-Naderer<br \/>\n<\/strong>Head of Europe &amp; Canada and Senior Vice President, Biogen \u00a0<\/span><\/p>\n<p style=\"text-align: center;\"><span style=\"color: #333333;\"><strong>Kate Hughes<\/strong> <\/span><br \/>\n<span style=\"color: #333333;\">Group Head, Employee Experience, Diversity and Well-Being, Zurich Insurance<\/span><\/p>\n<p style=\"text-align: center;\"><span style=\"color: #333333;\"><strong>Sung Joo Kim<br \/>\n<\/strong>Chair and Chief Visionary Officer, MCM AG<\/span><\/p>\n<p style=\"text-align: center;\"><span style=\"color: #333333;\"><strong>Barbara Kux<\/strong> <\/span><br \/>\n<span style=\"color: #333333;\">Board Director at Firmenich, Engie, Henkel, Pargesa\u00a0<\/span><\/p>\n<p style=\"text-align: center;\"><span style=\"color: #333333;\"><strong>Carolina M\u00fcller-M\u00f6hl<\/strong><\/span><br \/>\n<span style=\"color: #333333;\">President, M\u00fcller-M\u00f6hl Group and M\u00fcller-M\u00f6hl Foundation<\/span><\/p>\n<p style=\"text-align: center;\"><span style=\"color: #333333;\"><strong>Mette Skjold Rotb\u00f8ll<\/strong><\/span><br \/>\n<span style=\"color: #333333;\">Managing Director, Vigil Wealth Management and Co-Founder, Think Yellow<\/span><\/p>\n<p style=\"text-align: center;\"><span style=\"color: #333333;\"><strong>Simona Scarpaleggia<\/strong><\/span><br \/>\n<span style=\"color: #333333;\">CEO, IKEA Switzerland<\/span><\/p>\n<p style=\"text-align: center;\"><span style=\"color: #333333;\"><strong>Beat Ulrich<\/strong><\/span><br \/>\n<span style=\"color: #333333;\">CEO, St. Gallen Foundation<\/span><\/p>\n<p style=\"text-align: center;\"><span style=\"color: #333333;\"><strong>Marie Wattez<br \/>\n<\/strong>Head of Private Banking Continental Europe, Capgemini Suisse SA<\/span><\/p>\n<p style=\"text-align: center;\"><span style=\"color: #333333;\"><strong>Susanne Wille<\/strong><\/span><br \/>\n<span style=\"color: #333333;\">Journalist and Anchor, Swiss Television SRF<\/span><\/p>\n<\/div>\n<\/div><\/div><\/div><\/div><\/div>","protected":false},"excerpt":{"rendered":"<p>Swiss Host Committee Co-Leaders: Christine Schmid Managing Director, Credit Suisse and Head of Investment Solutions, Swiss Universal Bank Nora Teuwsen Group General Counsel, Swiss Federal Railways (SBB) Committee Members: Gaelle Boix Partner, Egon Zehnder&#46;&#46;&#46;<\/p>\n","protected":false},"author":1,"featured_media":0,"parent":0,"menu_order":0,"comment_status":"closed","ping_status":"closed","template":"","meta":{"footnotes":""},"class_list":["post-56949","page","type-page","status-publish","hentry"],"_links":{"self":[{"href":"https:\/\/globewomen.org\/globalsummit\/wp-json\/wp\/v2\/pages\/56949","targetHints":{"allow":["GET"]}}],"collection":[{"href":"https:\/\/globewomen.org\/globalsummit\/wp-json\/wp\/v2\/pages"}],"about":[{"href":"https:\/\/globewomen.org\/globalsummit\/wp-json\/wp\/v2\/types\/page"}],"author":[{"embeddable":true,"href":"https:\/\/globewomen.org\/globalsummit\/wp-json\/wp\/v2\/users\/1"}],"replies":[{"embeddable":true,"href":"https:\/\/globewomen.org\/globalsummit\/wp-json\/wp\/v2\/comments?post=56949"}],"version-history":[{"count":2,"href":"https:\/\/globewomen.org\/globalsummit\/wp-json\/wp\/v2\/pages\/56949\/revisions"}],"predecessor-version":[{"id":56951,"href":"https:\/\/globewomen.org\/globalsummit\/wp-json\/wp\/v2\/pages\/56949\/revisions\/56951"}],"wp:attachment":[{"href":"https:\/\/globewomen.org\/globalsummit\/wp-json\/wp\/v2\/media?parent=56949"}],"curies":[{"name":"wp","href":"https:\/\/api.w.org\/{rel}","templated":true}]}}