{"id":40456,"date":"2021-04-07T16:38:55","date_gmt":"2021-04-07T20:38:55","guid":{"rendered":"https:\/\/globewomen.org\/globalsummit\/?page_id=40456"},"modified":"2021-07-08T17:08:15","modified_gmt":"2021-07-08T21:08:15","slug":"rocio-hortiguela-founder-entiba-energy-and-board-director-grenergy","status":"publish","type":"page","link":"https:\/\/globewomen.org\/globalsummit\/rocio-hortiguela-founder-entiba-energy-and-board-director-grenergy\/","title":{"rendered":"Roc\u00edo Hortig\u00fcela, Founder, Entiba Energy and Board Director, Grenergy"},"content":{"rendered":"<div id=\"pl-gb40456-69efbfe4288af\"  class=\"panel-layout\" ><div id=\"pg-gb40456-69efbfe4288af-0\"  class=\"panel-grid panel-no-style\" ><div id=\"pgc-gb40456-69efbfe4288af-0-0\"  class=\"panel-grid-cell\" ><div id=\"panel-gb40456-69efbfe4288af-0-0-0\" class=\"so-panel widget widget_sow-editor panel-first-child panel-last-child\" data-index=\"0\" ><div\n\t\t\t\n\t\t\tclass=\"so-widget-sow-editor so-widget-sow-editor-base\"\n\t\t\t\n\t\t>\n<div class=\"siteorigin-widget-tinymce textwidget\">\n\t<h1 style=\"text-align: center;\"><strong><span style=\"color: #0125a3;\">Roc\u00edo Hortig\u00fcela, Founder, Entiba Energy and Board Director, Grenergy (Spain)<\/span><br \/>\n<\/strong><img loading=\"lazy\" decoding=\"async\" class=\"aligncenter wp-image-39977 \" src=\"https:\/\/globewomen.org\/globalsummit\/wp-content\/uploads\/2021\/02\/ROCIO-HORTIGUELA-150x150.png\" alt=\"\" width=\"200\" height=\"200\" srcset=\"https:\/\/globewomen.org\/globalsummit\/wp-content\/uploads\/2021\/02\/ROCIO-HORTIGUELA-150x150.png 150w, https:\/\/globewomen.org\/globalsummit\/wp-content\/uploads\/2021\/02\/ROCIO-HORTIGUELA-80x80.png 80w, https:\/\/globewomen.org\/globalsummit\/wp-content\/uploads\/2021\/02\/ROCIO-HORTIGUELA-183x182.png 183w\" sizes=\"auto, (max-width: 200px) 100vw, 200px\" \/><\/h1>\n<h4>Roc\u00edo Hortig\u00fcela, a specialist in the energy industry, has more than twenty years of professional experience in technical and top management positions. She started her career as an Analyst in a Chilean bank, and afterwards occupied roles as Chief Engineer or Market and Business Development Manager in the hydraulic pump industry, until she founded her first company in 2006. Currently, she owns and manages Entiba Energy, a group of companies specializing in renewable energy; energy production; engineering; and consultancy. Recently appointed to the Board of Directors of Grenergy, she has also served as Chair of ANPIER (Spanish National Association of Renewable Energy Investors and Producers) and Co-Chair of UNEF (Spanish Photovoltaic Association).<\/h4>\n<hr \/>\n<h4 style=\"text-align: center;\"><\/h4>\n<\/div>\n<\/div><\/div><\/div><\/div><\/div>","protected":false},"excerpt":{"rendered":"<p>Roc\u00edo Hortig\u00fcela, Founder, Entiba Energy and Board Director, Grenergy (Spain) Roc\u00edo Hortig\u00fcela, a specialist in the energy industry, has more than twenty years of professional experience in technical and top management positions. She started&#46;&#46;&#46;<\/p>\n","protected":false},"author":1,"featured_media":0,"parent":0,"menu_order":0,"comment_status":"closed","ping_status":"closed","template":"","meta":{"footnotes":""},"class_list":["post-40456","page","type-page","status-publish","hentry"],"_links":{"self":[{"href":"https:\/\/globewomen.org\/globalsummit\/wp-json\/wp\/v2\/pages\/40456","targetHints":{"allow":["GET"]}}],"collection":[{"href":"https:\/\/globewomen.org\/globalsummit\/wp-json\/wp\/v2\/pages"}],"about":[{"href":"https:\/\/globewomen.org\/globalsummit\/wp-json\/wp\/v2\/types\/page"}],"author":[{"embeddable":true,"href":"https:\/\/globewomen.org\/globalsummit\/wp-json\/wp\/v2\/users\/1"}],"replies":[{"embeddable":true,"href":"https:\/\/globewomen.org\/globalsummit\/wp-json\/wp\/v2\/comments?post=40456"}],"version-history":[{"count":1,"href":"https:\/\/globewomen.org\/globalsummit\/wp-json\/wp\/v2\/pages\/40456\/revisions"}],"predecessor-version":[{"id":40457,"href":"https:\/\/globewomen.org\/globalsummit\/wp-json\/wp\/v2\/pages\/40456\/revisions\/40457"}],"wp:attachment":[{"href":"https:\/\/globewomen.org\/globalsummit\/wp-json\/wp\/v2\/media?parent=40456"}],"curies":[{"name":"wp","href":"https:\/\/api.w.org\/{rel}","templated":true}]}}