{"id":20960,"date":"2019-01-03T10:09:47","date_gmt":"2019-01-03T15:09:47","guid":{"rendered":"https:\/\/globewomen.org\/globalsummit\/?page_id=20960"},"modified":"2019-10-22T13:21:34","modified_gmt":"2019-10-22T17:21:34","slug":"2019-international-members-and-partners","status":"publish","type":"page","link":"https:\/\/globewomen.org\/globalsummit\/2019-international-members-and-partners\/","title":{"rendered":"<center><b>2019 International Members and Partners<\/b><\/center>"},"content":{"rendered":"<h1 style=\"text-align: center;\"><span style=\"color: #302f2f;\"><em><span style=\"text-decoration: underline;\"><strong>2019 Global Members &amp; International Partners<\/strong><\/span><\/em><\/span><\/h1>\n<h2 style=\"text-align: center;\"><span style=\"color: #0000ff;\">Blue<\/span>&#8211; Global Member<br \/>\n<span style=\"color: #ff6600;\">Orange<\/span>&#8211; International Partner<\/h2>\n<h4 style=\"text-align: center;\">The Global Summit of Women sincerely values its relationships with women\u2019s business organizations, networking associations, and resource groups worldwide.<\/h4>\n<h4 style=\"text-align: center;\">If you are interested in becoming a 2019 Member or Partner,<br \/>\nplease email summit@globewomen.org for more details.<\/h4>\n<h1 style=\"text-align: center;\"><span style=\"text-decoration: underline; color: #302f2f;\"><strong>Global Members<\/strong><\/span><\/h1>\n<h3 style=\"text-align: center;\"><span style=\"color: #0000ff;\"><a style=\"color: #0000ff;\" href=\"http:\/\/ammje.mx\/\">Asociacion Mexicana de Mujeres Jefas de Empresa, A.C. &#8211; AMMJE (Mexico)<\/a><\/span><\/h3>\n<h3 style=\"text-align: center;\"><a href=\"https:\/\/www.facebook.com\/The-Mongolian-Womens-Federation-828424457362759\/\"><span style=\"color: #0000ff;\">Mongolian Women&#8217;s Federation<\/span><\/a><\/h3>\n<h3 style=\"text-align: center;\"><a href=\"https:\/\/www.nawbo.org\/\"><span style=\"color: #0000ff;\">National Association of Women Business Owners- NAWBO (USA)<\/span><\/a><\/h3>\n<h3 style=\"text-align: center;\"><span style=\"color: #0000ff;\"> REFEC- R\u00e9seau des Femmes des Entreprises du Congo (DR Congo)<\/span><\/h3>\n<h3 style=\"text-align: center;\"><a href=\"http:\/\/www.africabusinesscafe.com\"><span style=\"color: #0000ff;\">REFENS- Network of Women Entrepreneurs North South (France)<\/span><\/a><\/h3>\n<h3 style=\"text-align: center;\"><a href=\"http:\/\/vwec.com.vn\/\"><span style=\"color: #0000ff;\">Vietnam Women&#8217;s Entrepreneur Council\/VCCI<\/span><\/a><\/h3>\n<h3 style=\"text-align: center;\"><a href=\"http:\/\/www.womenhelpwomen.org\/\"><span style=\"color: #0000ff;\">Women Help Women (Japan)<\/span><\/a><\/h3>\n<h3 style=\"text-align: center;\"><a href=\"https:\/\/www.womenpresidentsorg.com\/\"><span style=\"color: #0000ff;\"> Women Presidents&#8217; Organization &#8211; WPO (USA)<\/span><\/a><\/h3>\n<h1 style=\"text-align: center;\"><span style=\"text-decoration: underline; color: #302f2f;\"><strong>International Partners<\/strong><\/span><\/h1>\n<h3 style=\"text-align: center;\"><span style=\"color: #ff6600;\">Across Cultures \u2013 AC (USA)<\/span><\/h3>\n<h3 style=\"text-align: center;\"><span style=\"color: #ff6600;\">AFAEMME (Spain)<\/span><\/h3>\n<h3 style=\"text-align: center;\"><span style=\"color: #ff6600;\">African Alliance for Women\u2019s Empowerment<\/span><\/h3>\n<h3 style=\"text-align: center;\"><span style=\"color: #ff6600;\">African Women Empowerment Program (Namibia)<\/span><\/h3>\n<h3 style=\"text-align: center;\"><span style=\"color: #ff6600;\">African Women Leadership Organization (Nigeria)<\/span><\/h3>\n<h3 style=\"text-align: center;\"><span style=\"color: #ff6600;\">Association Espoir Membre RAFRO Horizon (DR Congo)<\/span><\/h3>\n<h3 style=\"text-align: center;\"><span style=\"color: #ff6600;\">Asociaci\u00f3n Femenina de Ejecutivas de Empresas Tur\u00edsticas del Per\u00fa<strong> (<\/strong>AFEET Peru)<\/span><\/h3>\n<h3 style=\"text-align: center;\"><span style=\"color: #ff6600;\">Association for Women Entrepreneurship Development- ADAF (Romania)<\/span><\/h3>\n<h3 style=\"text-align: center;\"><span style=\"color: #ff6600;\">Association of Women in Business (Russia)<\/span><\/h3>\n<h3 style=\"text-align: center;\"><span style=\"color: #ff6600;\">Association of Business Women (Kazakhstan)<\/span><\/h3>\n<h3 style=\"text-align: center;\"><span style=\"color: #ff6600;\">Association of Business Women (North Macedonia)<\/span><\/h3>\n<h3 style=\"text-align: center;\"><span style=\"color: #ff6600;\">Association of Women Business Leaders of Iceland\u00a0 &#8211; FKA<br \/>\n<\/span><\/h3>\n<h3 style=\"text-align: center;\"><span style=\"color: #ff6600;\">Bangladesh Women Chamber of Commerce and Industry<\/span><\/h3>\n<h3 style=\"text-align: center;\"><span style=\"color: #ff6600;\">Belarusian Women Info-Coordination Center <\/span><\/h3>\n<h3 style=\"text-align: center;\"><span style=\"color: #ff6600;\">Belize Chamber of Commerce and Industry<\/span><\/h3>\n<h3 style=\"text-align: center;\"><span style=\"color: #ff6600;\">BPW Danube Net<\/span><\/h3>\n<h3 style=\"text-align: center;\"><span style=\"color: #ff6600;\">BPW France<\/span><\/h3>\n<h3 style=\"text-align: center;\"><span style=\"color: #ff6600;\">BPW (Valletta) Malta<\/span><\/h3>\n<h3 style=\"text-align: center;\"><span style=\"color: #ff6600;\">BPW Montreal<\/span><\/h3>\n<h3 style=\"text-align: center;\"><span style=\"color: #ff6600;\">BPW Prague<\/span><\/h3>\n<h3 style=\"text-align: center;\"><span style=\"color: #ff6600;\">BPW Switzerland<\/span><\/h3>\n<h3 style=\"text-align: center;\"><span style=\"color: #ff6600;\">British Association of Women Entrepreneurs (UK)<\/span><\/h3>\n<h3 style=\"text-align: center;\"><span style=\"color: #ff6600;\">China Association of Women Entrepreneurs (CAWE)<\/span><\/h3>\n<h3 style=\"text-align: center;\"><span style=\"color: #ff6600;\">Chittagong Women\u2019s Chamber of Commerce and Industry (Bangladesh)<\/span><\/h3>\n<h3 style=\"text-align: center;\"><span style=\"color: #ff6600;\">Committee of 20 (Russia)<\/span><\/h3>\n<h3 style=\"text-align: center;\"><span style=\"color: #ff6600;\">Congress of Women (Poland)<\/span><\/h3>\n<h3 style=\"text-align: center;\"><span style=\"color: #ff6600;\">Consortium of Women Entrepreneurs of India<\/span><\/h3>\n<h3 style=\"text-align: center;\"><span style=\"color: #ff6600;\">Ethiopian Women\u2019s Entrepreneurs Association<\/span><\/h3>\n<h3 style=\"text-align: center;\"><span style=\"color: #ff6600;\">Eurasia Center (Belgium)<\/span><\/h3>\n<h3 style=\"text-align: center;\"><span style=\"color: #ff6600;\">European Women Management Development<\/span><\/h3>\n<h3 style=\"text-align: center;\"><span style=\"color: #ff6600;\">Femei in Afaceri (Women in Business Romania)<\/span><\/h3>\n<h3 style=\"text-align: center;\"><span style=\"color: #ff6600;\">Femmes Business Angels (France)<\/span><\/h3>\n<h3 style=\"text-align: center;\"><span style=\"color: #ff6600;\">Femmes Ingenieurs (France)<\/span><\/h3>\n<h3 style=\"text-align: center;\"><span style=\"color: #ff6600;\">Financi&#8217;Elles (France)<\/span><\/h3>\n<h3 style=\"text-align: center;\"><span style=\"color: #ff6600;\">Filipina CEO Circle (Philippines)<\/span><\/h3>\n<h3 style=\"text-align: center;\"><span style=\"color: #ff6600;\">Foundation 787 (Bosnia and Herzegovina)<\/span><\/h3>\n<h3 style=\"text-align: center;\"><span style=\"color: #ff6600;\">Healthcare Business Women\u2019s Association \u2013 Basel (Switzerland)<\/span><\/h3>\n<h3 style=\"text-align: center;\"><span style=\"color: #ff6600;\">House of Women (Namibia)<\/span><\/h3>\n<h3 style=\"text-align: center;\"><span style=\"color: #ff6600;\">International Federation of Business &amp; Professional Women<\/span><\/h3>\n<h3 style=\"text-align: center;\"><span style=\"color: #ff6600;\">International Federation of Women of India<\/span><\/h3>\n<h3 style=\"text-align: center;\"><span style=\"color: #ff6600;\">International Women in Science (Switzerland)<\/span><\/h3>\n<h3 style=\"text-align: center;\"><span style=\"color: #ff6600;\">International Women\u2019s Federation of Commerce and Industry Mongolia<\/span><\/h3>\n<h3 style=\"text-align: center;\"><span style=\"color: #ff6600;\">KAGIDER (Turkey)<\/span><\/h3>\n<h3 style=\"text-align: center;\"><span style=\"color: #ff6600;\">Ladies Circle Cameroon (CEFAP)<\/span><\/h3>\n<h3 style=\"text-align: center;\"><span style=\"color: #ff6600;\">Lidere (Latvia)<\/span><\/h3>\n<h3 style=\"text-align: center;\"><span style=\"color: #ff6600;\">Malta Association of Women in Business<\/span><\/h3>\n<h3 style=\"text-align: center;\"><span style=\"color: #ff6600;\">Michigan Association of Female Executives (USA)<\/span><\/h3>\n<h3 style=\"text-align: center;\"><span style=\"color: #ff6600;\">National Association of Women Entrepreneurs of Malaysia (NAWEM)<\/span><\/h3>\n<h3 style=\"text-align: center;\"><span style=\"color: #ff6600;\">National Chamber of Women Entrepreneurs of Greece<\/span><\/h3>\n<h3 style=\"text-align: center;\"><span style=\"color: #ff6600;\">Organization of Women in International Trade \u2013 OWIT (USA)<\/span><\/h3>\n<h3 style=\"text-align: center;\"><span style=\"color: #ff6600;\">OWIT \u2013 Lake Geneva (Switzerland)<\/span><\/h3>\n<h3 style=\"text-align: center;\"><span style=\"color: #ff6600;\">Papua New Guinea Women&#8217;s Chamber of Commerce &amp; Industry<\/span><\/h3>\n<h3 style=\"text-align: center;\"><span style=\"color: #ff6600;\">Philippine Women\u2019s Economic Network<\/span><\/h3>\n<h3 style=\"text-align: center;\"><span style=\"color: #ff6600;\">Professional Women&#8217;s Network Munich (Germany)<\/span><\/h3>\n<h3 style=\"text-align: center;\"><span style=\"color: #ff6600;\">Professional Women&#8217;s Network Vienna (Austria)<\/span><\/h3>\n<h3 style=\"text-align: center;\"><span style=\"color: #ff6600;\">RAFRO-Women&#8217;s Association of the Western Region (Cameroon)<\/span><\/h3>\n<h3 style=\"text-align: center;\"><span style=\"color: #ff6600;\">REJEFE Senegal -Network of Young Women Entrepreneurs<\/span><\/h3>\n<h3 style=\"text-align: center;\"><span style=\"color: #ff6600;\">Union of Business Ladies (Georgia)<\/span><\/h3>\n<h3 style=\"text-align: center;\"><span style=\"color: #ff6600;\">Union National des Femmes Tunisiennes (Tunisia)<\/span><\/h3>\n<h3 style=\"text-align: center;\"><span style=\"color: #ff6600;\">Women in Leadership Europe (WIL)<\/span><\/h3>\n<h3 style=\"text-align: center;\"><span style=\"color: #ff6600;\">Women in Tech<\/span><\/h3>\n<h3 style=\"text-align: center;\"><span style=\"color: #ff6600;\">Women Entrepreneurs Development Association (Zambia)<\/span><\/h3>\n<h3 style=\"text-align: center;\"><span style=\"color: #ff6600;\">WEDO- Women&#8217;s Environment &amp; Development Organization (USA)<\/span><\/h3>\n<h3 style=\"text-align: center;\"><span style=\"color: #ff6600;\">Women for Africa International (France)<\/span><\/h3>\n<h3 style=\"text-align: center;\"><span style=\"color: #ff6600;\">Women for Africa Cameroon<\/span><\/h3>\n<h3 style=\"text-align: center;\"><span style=\"color: #ff6600;\">WISTA- Women in Shipping and Transport International<\/span><\/h3>\n<h3 style=\"text-align: center;\"><span style=\"color: #ff6600;\">WISTA- Women in Shipping and Transport (Switzerland)<\/span><\/h3>\n<h3 style=\"text-align: center;\"><span style=\"color: #ff6600;\">Women Speakers Foundation (Germany)<\/span><\/h3>\n<h3 style=\"text-align: center;\"><span style=\"color: #ff6600;\">Women\u2019s Business Council Brunei<\/span><\/h3>\n<h3 style=\"text-align: center;\"><\/h3>\n","protected":false},"excerpt":{"rendered":"<p>2019 Global Members &amp; International Partners Blue&#8211; Global Member Orange&#8211; International Partner The Global Summit of Women sincerely values its relationships with women\u2019s business organizations, networking associations, and resource groups worldwide. If you are&#46;&#46;&#46;<\/p>\n","protected":false},"author":1,"featured_media":0,"parent":0,"menu_order":0,"comment_status":"closed","ping_status":"closed","template":"","meta":{"footnotes":""},"class_list":["post-20960","page","type-page","status-publish","hentry"],"_links":{"self":[{"href":"https:\/\/globewomen.org\/globalsummit\/wp-json\/wp\/v2\/pages\/20960","targetHints":{"allow":["GET"]}}],"collection":[{"href":"https:\/\/globewomen.org\/globalsummit\/wp-json\/wp\/v2\/pages"}],"about":[{"href":"https:\/\/globewomen.org\/globalsummit\/wp-json\/wp\/v2\/types\/page"}],"author":[{"embeddable":true,"href":"https:\/\/globewomen.org\/globalsummit\/wp-json\/wp\/v2\/users\/1"}],"replies":[{"embeddable":true,"href":"https:\/\/globewomen.org\/globalsummit\/wp-json\/wp\/v2\/comments?post=20960"}],"version-history":[{"count":5,"href":"https:\/\/globewomen.org\/globalsummit\/wp-json\/wp\/v2\/pages\/20960\/revisions"}],"predecessor-version":[{"id":28484,"href":"https:\/\/globewomen.org\/globalsummit\/wp-json\/wp\/v2\/pages\/20960\/revisions\/28484"}],"wp:attachment":[{"href":"https:\/\/globewomen.org\/globalsummit\/wp-json\/wp\/v2\/media?parent=20960"}],"curies":[{"name":"wp","href":"https:\/\/api.w.org\/{rel}","templated":true}]}}