{"id":20181,"date":"2018-10-15T11:32:23","date_gmt":"2018-10-15T15:32:23","guid":{"rendered":"https:\/\/globewomen.org\/globalsummit\/?page_id=20181"},"modified":"2019-01-24T15:11:03","modified_gmt":"2019-01-24T20:11:03","slug":"swiss-host-committee","status":"publish","type":"page","link":"https:\/\/globewomen.org\/globalsummit\/swiss-host-committee\/","title":{"rendered":"Swiss Host Committee"},"content":{"rendered":"<h1 style=\"text-align: center;\">Swiss Host Committee<\/h1>\n<div class=\"tmm tmm_20182\"><div class=\"tmm_3_columns tmm_wrap tmm_theme_f\"><span class=\"tmm_two_containers_tablet\"><\/span><div class=\"tmm_container\"><div class=\"tmm_member\" style=\"border-top:#1e73be solid 5px;\"><div class=\"tmm_photo tmm_pic_20182_0\" style=\"background: url(https:\/\/globewomen.org\/globalsummit\/wp-content\/uploads\/2018\/10\/Gaelle-Boix-1.jpg); margin-left: auto; margin-right:auto; background-size:cover !important;\"><\/div><div class=\"tmm_textblock\"><div class=\"tmm_names\"><span class=\"tmm_fname\">Ga\u00eblle<\/span> <span class=\"tmm_lname\">Boix<\/span><\/div><div class=\"tmm_desc\" style=\"text-align:center\"><p>Partner, <strong>Egon Zehnder<\/strong><\/p><\/div><div class=\"tmm_scblock\"><\/div><\/div><\/div><div class=\"tmm_member\" style=\"border-top:#1e73be solid 5px;\"><div class=\"tmm_photo tmm_pic_20182_1\" style=\"background: url(https:\/\/globewomen.org\/globalsummit\/wp-content\/uploads\/2018\/10\/Elizabeth-Bosshart-edited.jpg); margin-left: auto; margin-right:auto; background-size:cover !important;\"><\/div><div class=\"tmm_textblock\"><div class=\"tmm_names\"><span class=\"tmm_fname\">Elisabeth<\/span> <span class=\"tmm_lname\">Bosshart<\/span><\/div><div class=\"tmm_desc\" style=\"text-align:center\"><p>President, <strong>Bosshart Consulting gmbh<\/strong><\/p><\/div><div class=\"tmm_scblock\"><\/div><\/div><\/div><span class=\"tmm_two_containers_tablet\"><\/span><div class=\"tmm_member\" style=\"border-top:#1e73be solid 5px;\"><div class=\"tmm_photo tmm_pic_20182_2\" style=\"background: url(https:\/\/globewomen.org\/globalsummit\/wp-content\/uploads\/2018\/10\/michele-burger.jpg); margin-left: auto; margin-right:auto; background-size:cover !important;\"><\/div><div class=\"tmm_textblock\"><div class=\"tmm_names\"><span class=\"tmm_fname\">Michele<\/span> <span class=\"tmm_lname\">Burger<\/span><\/div><div class=\"tmm_desc\" style=\"text-align:center\"><p>General Counsel Corporate, <strong>Nestle S.A.<\/strong><\/p><\/div><div class=\"tmm_scblock\"><\/div><\/div><\/div><\/div><span class=\"tmm_columns_containers_desktop\"><\/span><div class=\"tmm_container\"><div class=\"tmm_member\" style=\"border-top:#1e73be solid 5px;\"><div class=\"tmm_photo tmm_pic_20182_3\" style=\"background: url(https:\/\/globewomen.org\/globalsummit\/wp-content\/uploads\/2018\/10\/Robin-Errico.jpg); margin-left: auto; margin-right:auto; background-size:cover !important;\"><\/div><div class=\"tmm_textblock\"><div class=\"tmm_names\"><span class=\"tmm_fname\">Robin<\/span> <span class=\"tmm_lname\">Errico<\/span><\/div><div class=\"tmm_desc\" style=\"text-align:center\"><p>Chief Risk Officer, <strong>Ernst &amp; Young<\/strong><\/p><\/div><div class=\"tmm_scblock\"><\/div><\/div><\/div><span class=\"tmm_two_containers_tablet\"><\/span><div class=\"tmm_member\" style=\"border-top:#1e73be solid 5px;\"><div class=\"tmm_photo tmm_pic_20182_4\" style=\"background: url(https:\/\/globewomen.org\/globalsummit\/wp-content\/uploads\/2018\/10\/Johanna-Friedl-Naderer.jpg); margin-left: auto; margin-right:auto; background-size:cover !important;\"><\/div><div class=\"tmm_textblock\"><div class=\"tmm_names\"><span class=\"tmm_fname\">Johanna<\/span> <span class=\"tmm_lname\">Friedl-Naderer<\/span><\/div><div class=\"tmm_desc\" style=\"text-align:center\"><p>SVP &amp; Head, Europe, Canada &amp; International Markets, <strong>Biogen<\/strong><\/p><\/div><div class=\"tmm_scblock\"><\/div><\/div><\/div><div class=\"tmm_member\" style=\"border-top:#1e73be solid 5px;\"><div class=\"tmm_photo tmm_pic_20182_5\" style=\"background: url(https:\/\/globewomen.org\/globalsummit\/wp-content\/uploads\/2018\/10\/kate-hughes.jpg); margin-left: auto; margin-right:auto; background-size:cover !important;\"><\/div><div class=\"tmm_textblock\"><div class=\"tmm_names\"><span class=\"tmm_fname\">Kate<\/span> <span class=\"tmm_lname\">Hughes<\/span><\/div><div class=\"tmm_desc\" style=\"text-align:center\"><p>Group Head of Employee Experience, Diversity &amp; Wellbeing,<strong> Zurich Insurance<\/strong><\/p><\/div><div class=\"tmm_scblock\"><\/div><\/div><\/div><span class=\"tmm_two_containers_tablet\"><\/span><\/div><span class=\"tmm_columns_containers_desktop\"><\/span><div class=\"tmm_container\"><div class=\"tmm_member\" style=\"border-top:#1e73be solid 5px;\"><div class=\"tmm_photo tmm_pic_20182_6\" style=\"background: url(https:\/\/globewomen.org\/globalsummit\/wp-content\/uploads\/2013\/08\/kims-e1390331679753.png); margin-left: auto; margin-right:auto; background-size:cover !important;\"><\/div><div class=\"tmm_textblock\"><div class=\"tmm_names\"><span class=\"tmm_fname\">Sung Joo<\/span> <span class=\"tmm_lname\">Kim<\/span><\/div><div class=\"tmm_desc\" style=\"text-align:center\"><p>Chair and Chief Visionary Officer,&nbsp;<strong>MCM AG<\/strong><\/p><\/div><div class=\"tmm_scblock\"><\/div><\/div><\/div><div class=\"tmm_member\" style=\"border-top:#1e73be solid 5px;\"><div class=\"tmm_photo tmm_pic_20182_7\" style=\"background: url(https:\/\/globewomen.org\/globalsummit\/wp-content\/uploads\/2018\/10\/barbara-kux.jpg); margin-left: auto; margin-right:auto; background-size:cover !important;\"><\/div><div class=\"tmm_textblock\"><div class=\"tmm_names\"><span class=\"tmm_fname\">Barbara<\/span> <span class=\"tmm_lname\">Kux<\/span><\/div><div class=\"tmm_desc\" style=\"text-align:center\"><p>Board Director,&nbsp;<strong>Firmenich, Engie, Henkel &amp; Pargesa<\/strong><\/p><\/div><div class=\"tmm_scblock\"><\/div><\/div><\/div><span class=\"tmm_two_containers_tablet\"><\/span><div class=\"tmm_member\" style=\"border-top:#1e73be solid 5px;\"><div class=\"tmm_photo tmm_pic_20182_8\" style=\"background: url(https:\/\/globewomen.org\/globalsummit\/wp-content\/uploads\/2018\/10\/Carolina-M\u00fcller-M\u00f6hl-150x150.jpg); margin-left: auto; margin-right:auto; background-size:cover !important;\"><\/div><div class=\"tmm_textblock\"><div class=\"tmm_names\"><span class=\"tmm_fname\">Carolina<\/span> <span class=\"tmm_lname\">M\u00fcller-M\u00f6hl <\/span><\/div><div class=\"tmm_desc\" style=\"text-align:center\">President, <strong>M\u00fcller-M\u00f6hl Group and M\u00fcller-M\u00f6hl Foundation;&nbsp;<\/strong><\/div><div class=\"tmm_scblock\"><\/div><\/div><\/div><\/div><span class=\"tmm_columns_containers_desktop\"><\/span><div class=\"tmm_container\"><div class=\"tmm_member\" style=\"border-top:#1e73be solid 5px;\"><div class=\"tmm_photo tmm_pic_20182_9\" style=\"background: url(https:\/\/globewomen.org\/globalsummit\/wp-content\/uploads\/2018\/10\/Diane-de-saint-Victor.jpeg); margin-left: auto; margin-right:auto; background-size:cover !important;\"><\/div><div class=\"tmm_textblock\"><div class=\"tmm_names\"><span class=\"tmm_fname\">Diane<\/span> <span class=\"tmm_lname\">de Saint Victor<\/span><\/div><div class=\"tmm_desc\" style=\"text-align:center\"><p>General Counsel &amp; Corporate Secretary,&nbsp;<strong>ABB<\/strong><\/p><\/div><div class=\"tmm_scblock\"><\/div><\/div><\/div><span class=\"tmm_two_containers_tablet\"><\/span><div class=\"tmm_member\" style=\"border-top:#1e73be solid 5px;\"><div class=\"tmm_photo tmm_pic_20182_10\" style=\"background: url(https:\/\/globewomen.org\/globalsummit\/wp-content\/uploads\/2018\/10\/Simona-Scarpaleggia-1.jpg); margin-left: auto; margin-right:auto; background-size:cover !important;\"><\/div><div class=\"tmm_textblock\"><div class=\"tmm_names\"><span class=\"tmm_fname\">Simona <\/span> <span class=\"tmm_lname\">Scarpaleggia<\/span><\/div><div class=\"tmm_desc\" style=\"text-align:center\"><p>CEO,&nbsp;<strong>IKEA Switzerland<\/strong><\/p><\/div><div class=\"tmm_scblock\"><\/div><\/div><\/div><div class=\"tmm_member\" style=\"border-top:#1e73be solid 5px;\"><div class=\"tmm_photo tmm_pic_20182_11\" style=\"background: url(https:\/\/globewomen.org\/globalsummit\/wp-content\/uploads\/2018\/10\/Christine-Schmid.jpg); margin-left: auto; margin-right:auto; background-size:cover !important;\"><\/div><div class=\"tmm_textblock\"><div class=\"tmm_names\"><span class=\"tmm_fname\">Christine<\/span> <span class=\"tmm_lname\">Schmid<\/span><\/div><div class=\"tmm_desc\" style=\"text-align:center\"><p>Managing Director, <strong>Credit Suisse<\/strong> &amp; Head of Investment Solutions, <strong>Swiss Universal Bank<\/strong><\/p><\/div><div class=\"tmm_scblock\"><\/div><\/div><\/div><span class=\"tmm_two_containers_tablet\"><\/span><\/div><span class=\"tmm_columns_containers_desktop\"><\/span><div class=\"tmm_container\"><div class=\"tmm_member\" style=\"border-top:#1e73be solid 5px;\"><div class=\"tmm_photo tmm_pic_20182_12\" style=\"background: url(https:\/\/globewomen.org\/globalsummit\/wp-content\/uploads\/2018\/10\/Mette-Skjold-Rotboll.jpg); margin-left: auto; margin-right:auto; background-size:cover !important;\"><\/div><div class=\"tmm_textblock\"><div class=\"tmm_names\"><span class=\"tmm_fname\">Mette<\/span> <span class=\"tmm_lname\">Skjold Rotb\u00f8ll<\/span><\/div><div class=\"tmm_desc\" style=\"text-align:center\"><p>Managing Director, <strong>Vigil Wealth Management<\/strong>&nbsp;&amp; Co-Founder, <strong>Think Yellow<\/strong><\/p><\/div><div class=\"tmm_scblock\"><\/div><\/div><\/div><div class=\"tmm_member\" style=\"border-top:#1e73be solid 5px;\"><div class=\"tmm_photo tmm_pic_20182_13\" style=\"background: url(https:\/\/globewomen.org\/globalsummit\/wp-content\/uploads\/2018\/10\/Nora-Teuwsen-2.jpeg); margin-left: auto; margin-right:auto; background-size:cover !important;\"><\/div><div class=\"tmm_textblock\"><div class=\"tmm_names\"><span class=\"tmm_fname\">Nora<\/span> <span class=\"tmm_lname\">Teuwsen<\/span><\/div><div class=\"tmm_desc\" style=\"text-align:center\"><p>Group General Counsel,&nbsp;<strong>Swiss Federal Railways (SBB)<\/strong><\/p><\/div><div class=\"tmm_scblock\"><\/div><\/div><\/div><span class=\"tmm_two_containers_tablet\"><\/span><div class=\"tmm_member\" style=\"border-top:#1e73be solid 5px;\"><div class=\"tmm_photo tmm_pic_20182_14\" style=\"background: url(https:\/\/globewomen.org\/globalsummit\/wp-content\/uploads\/2018\/10\/Beat-Ulrich.jpg); margin-left: auto; margin-right:auto; background-size:cover !important;\"><\/div><div class=\"tmm_textblock\"><div class=\"tmm_names\"><span class=\"tmm_fname\">Beat<\/span> <span class=\"tmm_lname\">Ulrich<\/span><\/div><div class=\"tmm_desc\" style=\"text-align:center\"><p>CEO,&nbsp;<strong>St. Gallen Symposium &amp; Foundation<\/strong><\/p><\/div><div class=\"tmm_scblock\"><\/div><\/div><\/div><\/div><span class=\"tmm_columns_containers_desktop\"><\/span><div class=\"tmm_container\"><div class=\"tmm_member\" style=\"border-top:#1e73be solid 5px;\"><div class=\"tmm_photo tmm_pic_20182_15\" style=\"background: url(https:\/\/globewomen.org\/globalsummit\/wp-content\/uploads\/2018\/10\/Marie-Wattez.jpg); margin-left: auto; margin-right:auto; background-size:cover !important;\"><\/div><div class=\"tmm_textblock\"><div class=\"tmm_names\"><span class=\"tmm_fname\">Marie<\/span> <span class=\"tmm_lname\">Wattez<\/span><\/div><div class=\"tmm_desc\" style=\"text-align:center\"><p>Head Private Banking\/Continental Europe,&nbsp;<strong>Cap Gemini<\/strong><\/p><\/div><div class=\"tmm_scblock\"><\/div><\/div><\/div><span class=\"tmm_two_containers_tablet\"><\/span><div class=\"tmm_member\" style=\"border-top:#1e73be solid 5px;\"><div class=\"tmm_photo tmm_pic_20182_16\" style=\"background: url(https:\/\/globewomen.org\/globalsummit\/wp-content\/uploads\/2018\/10\/Susanne-Wille.jpg); margin-left: auto; margin-right:auto; background-size:cover !important;\"><\/div><div class=\"tmm_textblock\"><div class=\"tmm_names\"><span class=\"tmm_fname\">Susanne<\/span> <span class=\"tmm_lname\">Wille<\/span><\/div><div class=\"tmm_desc\" style=\"text-align:center\"><p>Journalist &amp; Anchor,&nbsp;<strong>Swiss Television SRF<\/strong><\/p><\/div><div class=\"tmm_scblock\"><\/div><\/div><\/div><div style=\"clear:both;\"><\/div><\/div><\/div><\/div>\n","protected":false},"excerpt":{"rendered":"<p>Swiss Host Committee<\/p>\n","protected":false},"author":1,"featured_media":0,"parent":0,"menu_order":0,"comment_status":"closed","ping_status":"closed","template":"","meta":{"footnotes":""},"class_list":["post-20181","page","type-page","status-publish","hentry"],"_links":{"self":[{"href":"https:\/\/globewomen.org\/globalsummit\/wp-json\/wp\/v2\/pages\/20181","targetHints":{"allow":["GET"]}}],"collection":[{"href":"https:\/\/globewomen.org\/globalsummit\/wp-json\/wp\/v2\/pages"}],"about":[{"href":"https:\/\/globewomen.org\/globalsummit\/wp-json\/wp\/v2\/types\/page"}],"author":[{"embeddable":true,"href":"https:\/\/globewomen.org\/globalsummit\/wp-json\/wp\/v2\/users\/1"}],"replies":[{"embeddable":true,"href":"https:\/\/globewomen.org\/globalsummit\/wp-json\/wp\/v2\/comments?post=20181"}],"version-history":[{"count":2,"href":"https:\/\/globewomen.org\/globalsummit\/wp-json\/wp\/v2\/pages\/20181\/revisions"}],"predecessor-version":[{"id":21245,"href":"https:\/\/globewomen.org\/globalsummit\/wp-json\/wp\/v2\/pages\/20181\/revisions\/21245"}],"wp:attachment":[{"href":"https:\/\/globewomen.org\/globalsummit\/wp-json\/wp\/v2\/media?parent=20181"}],"curies":[{"name":"wp","href":"https:\/\/api.w.org\/{rel}","templated":true}]}}