{"id":2,"date":"2013-06-14T00:26:06","date_gmt":"2013-06-14T04:26:06","guid":{"rendered":"http:\/\/globewomen.org\/trapezoid\/?page_id=2"},"modified":"2022-12-06T11:45:52","modified_gmt":"2022-12-06T16:45:52","slug":"sample-page","status":"publish","type":"page","link":"https:\/\/globewomen.org\/globalsummit\/sample-page\/","title":{"rendered":"2014 Global Summit of Women &#8211; Paris"},"content":{"rendered":"\n<h1 class=\"wp-block-heading\">2014 GLOBAL SUMMIT OF WOMEN<\/h1>\n\n\n\n<h1 class=\"wp-block-heading\">&#8216;Women: Redesigning Economies, Societies&#8217;<\/h1>\n\n\n\n<h2 class=\"wp-block-heading\"><em>Paris, France&nbsp;\u2022 June 5-7, 2014<\/em><\/h2>\n\n\n\n<h2 class=\"wp-block-heading\"><em><span style=\"color: #0099cc;\">Record Turnout of 1,240 from 82 countries<br \/>at 2014 Global Summit of Women<br \/><\/span><\/em><\/h2>\n\n\n<div class=\"wp-block-image\">\n<figure class=\"aligncenter\"><a href=\"http:\/\/www.youtube.com\/watch?v=CaHrYmVrx8Y\" target=\"_blank\" rel=\"noopener\"><img decoding=\"async\" src=\"https:\/\/globewomen.org\/globalsummit\/wp-content\/uploads\/2014\/06\/euronext-irene-and-najat.jpg\" alt=\"Euronext Irene and Minister Najat\"\/><\/a><\/figure><\/div>\n\n\n<p class=\"has-text-align-center\"><em><strong><a href=\"http:\/\/www.youtube.com\/watch?v=CaHrYmVrx8Y\" target=\"_blank\" rel=\"noopener\">CLICK PHOTO FOR VIDEO OF MARKET OPEN AT THE PARIS STOCK EXCHANGE<\/a>:<\/strong><\/em><\/p>\n\n\n\n<div>\n<dl id=\"attachment_1880\">\n<dd>Summit President Irene Natividad and France&#8217;s Minister of Women, Cities, Youth, and Sports Najat Vallaud-Belkacem kick off the 2014 Global Summit of Women by opening the Paris Stock Exchange.<\/dd>\n<\/dl>\n<\/div>\n\n\n<div class=\"wp-block-image\">\n<figure class=\"aligncenter\"><img decoding=\"async\" src=\"https:\/\/globewomen.org\/globalsummit\/wp-content\/uploads\/2014\/06\/Awardees.jpg\" alt=\"Viviane Reding Global Summit of Women Award\"\/><\/figure><\/div>\n\n\n<div>\n<dl id=\"attachment_1880\">\n<dt><\/dt>\n<dd>Awardees at the Global Women&#8217;s Leadership Awards Ceremony at the 2014 Summit: Societe Generale CEO Frederic Oudea, Minister Najat Vallaud-Belkacem, Global Women&#8217;s Leadership Award Winner Viviane Reding, GDF Suez CEO Gerard Mestrallet, Summit President Irene Natividad, French Women&#8217;s Leadership Award Winner Nicole Notat, Kering Vice Chairman Patricia Barbizet, Orange Deputy CEO Delphine Cunci, and Technip CEO Thierry Pilenko. Photo courtesy of the European Commission.<\/dd>\n<dd><a title=\"Awardees\" href=\"https:\/\/globewomen.org\/globalsummit\/?page_id=2454\" target=\"_blank\" rel=\"noopener\"><em><strong>FOR MORE ON SUMMIT AWARD WINNERS, CLICK HERE<br \/><\/strong><\/em><\/a><\/dd>\n<\/dl>\n<\/div>\n\n\n<div class=\"wp-block-image\">\n<figure class=\"aligncenter\"><img decoding=\"async\" src=\"https:\/\/globewomen.org\/globalsummit\/wp-content\/uploads\/2014\/06\/table_ronde.jpg\" alt=\"Ministerial Roundtable\"\/><\/figure><\/div>\n\n\n<div>\n<dl id=\"attachment_1880\">\n<dt><\/dt>\n<dd>35 women government ministers participated in the Summit&#8217;s Ministerial Roundtable focusing on public-private sector partnerships increasing women&#8217;s economic opportunities.<\/dd>\n<dd><em><strong><a title=\"Ministerial Roundtable\" href=\"https:\/\/globewomen.org\/globalsummit\/?page_id=2383\" target=\"_blank\" rel=\"noopener\">FOR MORE ON THE MINISTERIAL ROUNDTABLE, CLICK HERE.<\/a><\/strong><\/em><\/dd>\n<\/dl>\n<\/div>\n\n\n<div class=\"wp-block-image\">\n<figure class=\"aligncenter\"><img decoding=\"async\" src=\"https:\/\/globewomen.org\/globalsummit\/wp-content\/uploads\/2014\/06\/Reding-and-Otunbayeva.jpg\" alt=\"Reding and Otunbayeva\"\/><\/figure><\/div>\n\n\n<div>\n<dl id=\"attachment_1880\">\n<dt><\/dt>\n<dd>Former President of Kyrgyzstan Roza Otunbayeva presents the Global Women&#8217;s Leadership Awards to European Commissioner for Justice, Fundamental Rights, and Citizenship Viviane Reding. Photo courtesy of the European Commission.<\/dd>\n<\/dl>\n<\/div>\n\n\n<div class=\"wp-block-image\">\n<figure class=\"aligncenter\"><img decoding=\"async\" src=\"https:\/\/globewomen.org\/globalsummit\/wp-content\/uploads\/2014\/06\/14259755630_d3ffa13cb7_o.jpg\" alt=\"Women Presidents Forum\"\/><\/figure><\/div>\n\n\n<div>\n<dl id=\"attachment_1880\">\n<dt><\/dt>\n<dd>(From Left to right) CNN International Anchor Nina Dos Santos poses a question to former President of Finland Tarja Halonen, President of Malta Marie Louise Coleiro Preca and former President of Kyrgyzstan Roza Otunbayeva.<\/dd>\n<\/dl>\n<\/div>\n\n\n<div class=\"wp-block-image\">\n<figure class=\"aligncenter\"><img decoding=\"async\" src=\"https:\/\/globewomen.org\/globalsummit\/wp-content\/uploads\/2014\/06\/photo-entrepreneurs-forum-panel.png\" alt=\"Entrepreneurs Panel\"\/><\/figure><\/div>\n\n\n<div>\n<dl id=\"attachment_1880\">\n<dt><\/dt>\n<dd>(From Left to right) President and CEO of Omega World Travel Gloria Bohan, Vice President of Market Development for IBM Denise Evans, CEO of FACE Stockholm Gun Nowak, and Founder of BETC and President of Havas Worldwide Mercedes Erra, before the featured Luncheon Program &#8220;Women Entrepreneurs Forum: Re-inventing an Enterprise&#8221;.<\/dd>\n<dd><\/dd>\n<dd><\/dd>\n<\/dl>\n<\/div>\n\n\n<div class=\"wp-block-image\">\n<figure class=\"aligncenter\"><img decoding=\"async\" src=\"https:\/\/globewomen.org\/globalsummit\/wp-content\/uploads\/2014\/06\/male-ceo-panel-in-slate.bmp\" alt=\"\"\/><\/figure><\/div>\n\n\n<div>\n<dl id=\"attachment_1880\">\n<dt><\/dt>\n<dd><em><strong><\/strong><\/em><\/dd>\n<dd><\/dd>\n<dd>Founder and former CEO of Booz &amp; Co. Shumeet Banerji, CEO of Taj-Deloitte Gianmarco Monsellato, Chairman and CEO of Technip Thierry Pilenko, former CEO of Telstra and Orange Sol Trujillo, Chairman and CEO, Societe Generale Frederic Oudea, and Sodexo CEO Michel Landel at the Male CEO Forum: Redefining the Marketplace &#8212; The Business Case for Gender Equity.<\/dd>\n<\/dl>\n<\/div>\n\n\n<div class=\"wp-block-image\">\n<figure class=\"aligncenter\"><img decoding=\"async\" src=\"https:\/\/globewomen.org\/globalsummit\/wp-content\/uploads\/2014\/06\/GSW_Fabius.jpg\" alt=\"Minister Fabius\"\/><\/figure><\/div>\n\n\n<div>\n<dl id=\"attachment_1880\">\n<dt><\/dt>\n<dd>Hon. Laurent Fabius, Minister of Foreign Affairs and International Development of France, addresses audience during session on &#8220;Doing Business with France.&#8221;<\/dd>\n<dd><\/dd>\n<dd><\/dd>\n<\/dl>\n<\/div>\n\n\n<div class=\"wp-block-image\">\n<figure class=\"aligncenter\"><img decoding=\"async\" src=\"https:\/\/globewomen.org\/globalsummit\/wp-content\/uploads\/2014\/06\/NVB_au_centre_pompidou.jpg\" alt=\"Najat at Pompidou\"\/><\/figure><\/div>\n\n\n<div>\n<dl id=\"attachment_1880\">\n<dt><\/dt>\n<dd>French Minister for Women Najat Vallaud-Belkacem speaks to Summit delegates at Centre Pompidou.<\/dd>\n<dd><\/dd>\n<dd><\/dd>\n<\/dl>\n<\/div>\n\n\n<div class=\"wp-block-image\">\n<figure class=\"aligncenter\"><img decoding=\"async\" src=\"https:\/\/globewomen.org\/globalsummit\/wp-content\/uploads\/2014\/06\/Euronext-Board-Div-panel.jpg\" alt=\"Euronext Board Diversity forum\"\/><\/figure><\/div>\n\n\n<div style=\"text-align: left;\">\n<dl id=\"attachment_1880\">\n<dt><\/dt>\n<dd>Sharing perspectives at the Forum for Board Diversity at Euronext are Chairman of Barclays Africa Wendy Lucas-Bull, CEO of Carnival Australia Ann Sherry, Summit President Irene Natividad, Board Director of Discover Financial Services, Marriott International and others Mary K. Bush, Chairman and CEO of Invest in France Agency Muriel Penicaud, and Chairman of Agreenium Marion Guillou.<\/dd>\n<dd><\/dd>\n<dd>\n<figure><img loading=\"lazy\" decoding=\"async\" class=\"aligncenter\" src=\"https:\/\/globewomen.org\/globalsummit\/wp-content\/uploads\/2014\/06\/top-25.jpg\" alt=\"top 25\" width=\"550\" height=\"325\"\/><\/figure><div style=\"text-align: left;\">\n<dl id=\"attachment_1880\">\n<dt><\/dt>\n<dd>French student delegates at the 2014 Global Summit of Women.<\/dd>\n<dd><\/dd>\n<\/dl>\n<p><\/p><\/div><\/dd><\/dl><\/div>\n\n\n<div class=\"video-container\"><iframe loading=\"lazy\" title=\"video Hackathon 2014 06 05 EVENT@42   Hackathon GSW 2 1\" width=\"500\" height=\"281\" src=\"https:\/\/www.youtube.com\/embed\/jJW9PTOBpXY?feature=oembed&#038;wmode=opaque\" frameborder=\"0\" allow=\"accelerometer; autoplay; clipboard-write; encrypted-media; gyroscope; picture-in-picture; web-share\" referrerpolicy=\"strict-origin-when-cross-origin\" allowfullscreen><\/iframe><\/div>\n\n\n\n<div style=\"text-align: center;\"><em><strong><a title=\"Hackathon video\" href=\"https:\/\/www.youtube.com\/watch?v=jJW9PTOBpXY\" target=\"_blank\" rel=\"noopener\">CLICK ABOVE TO SEE A VIDEO FROM THE GSW WOMEN START-UP HACKATHON <\/a><\/strong><\/em><\/div>\n\n\n<div class=\"wp-block-image\">\n<figure class=\"aligncenter\"><img decoding=\"async\" src=\"https:\/\/globewomen.org\/globalsummit\/wp-content\/uploads\/2014\/06\/Brazil-with-Minister-Najat-2.png\" alt=\"Brazil delegation with Minister Najat\"\/><\/figure><\/div>\n\n\n<div>\n<dl id=\"attachment_1880\">\n<dt><\/dt>\n<dd>Brazilian delegation with French Minister for Women Najat Vallaud-Belkacem, Chair of the 2014 Summit, upon announcement of Brazil as the 2015 GSW Country Host.<\/dd>\n<\/dl>\n<\/div>\n\n\n\n<h1 class=\"wp-block-heading\">&nbsp;<\/h1>\n\n\n\n<h2 class=\"wp-block-heading\"><a class=\"wp-image-1880\" style=\"height: 325px; width: 550px; max-width: 99%; margin: 4px;\" title=\"2014 Summit Speakers and Honored Guests\" href=\"https:\/\/globewomen.org\/globalsummit\/?page_id=16\" target=\"_blank\" rel=\"noopener\">Click Here to See Sample of Leaders in Government and Business Who Joined the 2014 Summit&gt;&gt; <\/a><\/h2>\n\n\n\n<hr class=\"wp-block-separator has-alpha-channel-opacity\"\/>\n\n\n\n<h1 class=\"wp-block-heading\">What The Media is Saying<\/h1>\n\n\n\n<p>From the <em>Financial Times<\/em>:<br \/><strong>Europe Leads the Way in the Number of Women on Top Company Boards<\/strong><br \/>June 5, 2014<\/p>\n\n\n\n<p class=\"has-text-align-left\"><span style=\"color: #000000;\">Europe is fast overtaking the US in the number of women board directors at top global companies, driven by legal quotas and corporate governance requirements, according to a new survey.<\/span><\/p>\n\n\n\n<p class=\"has-text-align-left\"><span style=\"color: #000000;\">The research also shows companies in the Asia-Pacific region lagging far behind their European and American counterparts, even as they account for a growing number of top companies.<\/span><\/p>\n\n\n\n<div style=\"text-align: left; background-color: #ffffff; color: #000000; overflow: hidden; text-decoration: none;\">\n<p style=\"text-align: left;\" data-track-pos=\"1\"><span style=\"color: #000000;\">\u201cQuotas are working,\u201d said Irene Natividad, head of <a title=\"Corporate Women Directors International\" href=\"http:\/\/www.globewomen.org\/cwdi\/cwdi.htm\" target=\"_blank\" rel=\"noopener\"><span style=\"color: #000000;\">Corporate Women Directors Internationa<\/span><\/a>l, a Washington-based group that has run a survey of female board representation for 10 years. \u201cWhat is not working is doing nothing. Thinking that women will move up by osmosis is a mistake.\u201d<\/span><\/p>\n<p><a title=\"CWDI Report\" href=\"http:\/\/www.ft.com\/intl\/cms\/s\/0\/6389d9e0-ebf5-11e3-ab1b-00144feabdc0.html#axzz34KrNkZpT\" target=\"_blank\" rel=\"noopener\">For Full Article, Click Here<\/a><\/p>\n<\/div>\n\n\n\n<hr class=\"wp-block-separator has-alpha-channel-opacity\"\/>\n\n\n\n<p class=\"has-text-align-left\">&nbsp;From CNN International &#8211; <em>The Business View with Nina dos Santos<\/em><br \/><strong>Girls Beat Boys at School, so Why the Glass Ceiling?<\/strong><br \/>June 9, 2014<\/p>\n\n\n\n<p><strong>Paris (CNN)<\/strong> &#8212; This weekend I hosted part of the Global Summit of Women in Paris, set up by a Washington-based organization devoting its time to trying to further women&#8217;s causes in the world.<\/p>\n\n\n\n<p>From politics to business, leaders of countries and industries gathered to share their views on women&#8217;s empowerment and how to harness their sisters&#8217; contribution to society.<\/p>\n\n\n\n<p>Providing able and ambitious women with the tools for a successful career isn&#8217;t just the right thing to do, it&#8217;s good for business, as some of the biggest economies are finally beginning to grasp.<\/p>\n\n\n\n<p><a title=\"CNN at the Global Summit of Women\" href=\"http:\/\/edition.cnn.com\/2014\/06\/09\/business\/dos-santos-women-leadership\/index.html\" target=\"_blank\" rel=\"noopener\">For Full Article, Click Here<\/a><\/p>\n\n\n\n<hr class=\"wp-block-separator has-alpha-channel-opacity\"\/>\n\n\n\n<p>From <em>Forbes<\/em><br \/><strong>Europe Leads but Women Will Not Enter the Boardroom by Osmosis<\/strong><br \/>By Dina Medland<br \/>June 8, 2014<\/p>\n\n\n\n<p>Language is often not meant to be gender-specific. So America\u2019s Declaration of Independence: \u2018We hold these truths to be self-evident, that all men are created equal\u2019 resounds around the world to assume both men and women. When the Indian politician Arvind Keiriwal launched the Aam Admi party \u2013 Admi, which means \u2018man\u2019 in Hindi, was taken to mean \u2018people.\u2019 But when it comes to the language around the world\u2019s publicly listed company boardrooms, the language of equality remains resoundingly male.<\/p>\n\n\n\n<p>Now research by the Washington-based Corporate Women Directors International (CWDI),&nbsp;which has been keeping tabs on female board representation for decades, shows that pressure around concerns of corporate governance and better representation in Europe&nbsp; has led to results.<\/p>\n\n\n\n<p><a title=\"Forbes Article\" href=\"http:\/\/www.forbes.com\/sites\/dinamedland\/2014\/06\/08\/europe-leads-but-women-will-not-enter-the-boardroom-by-osmosis\/\" target=\"_blank\" rel=\"noopener\">For Full Article, Click Here<\/a><\/p>\n\n\n\n<hr class=\"wp-block-separator has-alpha-channel-opacity\"\/>\n\n\n\n<p>From <em>Elle<\/em><br \/><strong>Ce n&#8217;est pas aux femmes de changer c&#8217;est au systems<\/strong><br \/>By Julia Dion<br \/>June 4, 2014<\/p>\n\n\n\n<p><a title=\"Elle Article\" href=\"https:\/\/globewomen.org\/globalsummit\/wp-content\/uploads\/2014\/06\/press-clipping-Elle.pdf\" target=\"_blank\" rel=\"noopener\">For Full Article, Click Here<\/a><\/p>\n\n\n\n<hr class=\"wp-block-separator has-alpha-channel-opacity\"\/>\n\n\n\n<p>From <em>Le Figaro<\/em><br \/><strong>La France, pays qui compte le plus de femmes dirigeantes<\/strong><br \/>By Lucile Quillet<br \/>June 7, 2014<\/p>\n\n\n\n<p>Sept entreprises fran\u00e7aises figurent dans le top 10 des 200 plus grands groupes mondiaux comportant le plus de femmes dans leurs conseils d\u2019administration. Avec un taux de f\u00e9minisation de pr\u00e8s de 30%, la France a d\u00e9tr\u00f4n\u00e9 les \u00c9tats-Unis. Cocorico.<\/p>\n\n\n\n<p>La France, championne des femmes dirigeantes ! C\u2019est ce que nous apprend l\u2019\u00e9tude men\u00e9e par le Comit\u00e9 international des femmes dirigeantes (<a href=\"http:\/\/www.globewomen.org\/cwdi\/cwdi.htm\" target=\"_blank\" rel=\"noopener\">CWDI<\/a>) qui a \u00e9tabli le classement des 200 plus grandes entreprises mondiales en mati\u00e8re de parit\u00e9, d\u00e9voil\u00e9e lors du Sommet mondial des femmes, qui se tient en ce moment \u00e0 Paris. R\u00e9sultat : la France atteint le taux de 29,7 % de femmes dans les conseils d\u2019administration (CA), contre 22,5% pour les \u00c9tats-Unis, autrefois leader en la mati\u00e8re.<\/p>\n\n\n\n<p><a title=\"Le Figaro article\" href=\"http:\/\/madame.lefigaro.fr\/societe\/france-pays-qui-compte-plus-de-femmes-dirigeantes-070614-858630\" target=\"_blank\" rel=\"noopener\">For full article, click here<\/a><\/p>\n\n\n\n<hr class=\"wp-block-separator has-alpha-channel-opacity\"\/>\n\n\n\n<p>From <em>Women&#8217;s Agenda<\/em><br \/><strong>Women internationally are pushing for quotas<\/strong><br \/>By Catherine Fox<br \/>June 12, 2014<\/p>\n\n\n\n<p>Fed up with platitudes and more than ready for action, hundreds of women threw their weight behind more regulation to force a better gender mix in organisations in polling at last week&#8217;s Global Summit of Women.<\/p>\n\n\n\n<p>They came from 81 countries to the forum, held this year in Paris, and from every possible background, but the common cause was all about getting more women in decision making roles &#8212; in communities, government and business<\/p>\n\n\n\n<p><a title=\"Article from Women Agenda on GSW\" href=\"http:\/\/www.womensagenda.com.au\/talking-about\/opinions\/catherine-fox-women-internationally-are-pushing-for-quotas\/201406114157\" target=\"_blank\" rel=\"noopener\">For Full Article, Click Here<\/a><\/p>\n\n\n\n<h3 class=\"wp-block-heading\"><a title=\"2014 Global Summit of Women Media Coverage\" href=\"https:\/\/globewomen.org\/globalsummit\/?page_id=2278\">To Link to More Media Coverage of 2014 Summit, click here<\/a><\/h3>\n","protected":false},"excerpt":{"rendered":"<p>2014 GLOBAL SUMMIT OF WOMEN &#8216;Women: Redesigning Economies, Societies&#8217; Paris, France&nbsp;\u2022 June 5-7, 2014 Record Turnout of 1,240 from 82 countriesat 2014 Global Summit of Women CLICK PHOTO FOR VIDEO OF MARKET OPEN AT&#46;&#46;&#46;<\/p>\n","protected":false},"author":1,"featured_media":0,"parent":0,"menu_order":0,"comment_status":"closed","ping_status":"closed","template":"","meta":{"footnotes":""},"class_list":["post-2","page","type-page","status-publish","hentry"],"_links":{"self":[{"href":"https:\/\/globewomen.org\/globalsummit\/wp-json\/wp\/v2\/pages\/2","targetHints":{"allow":["GET"]}}],"collection":[{"href":"https:\/\/globewomen.org\/globalsummit\/wp-json\/wp\/v2\/pages"}],"about":[{"href":"https:\/\/globewomen.org\/globalsummit\/wp-json\/wp\/v2\/types\/page"}],"author":[{"embeddable":true,"href":"https:\/\/globewomen.org\/globalsummit\/wp-json\/wp\/v2\/users\/1"}],"replies":[{"embeddable":true,"href":"https:\/\/globewomen.org\/globalsummit\/wp-json\/wp\/v2\/comments?post=2"}],"version-history":[{"count":7,"href":"https:\/\/globewomen.org\/globalsummit\/wp-json\/wp\/v2\/pages\/2\/revisions"}],"predecessor-version":[{"id":51449,"href":"https:\/\/globewomen.org\/globalsummit\/wp-json\/wp\/v2\/pages\/2\/revisions\/51449"}],"wp:attachment":[{"href":"https:\/\/globewomen.org\/globalsummit\/wp-json\/wp\/v2\/media?parent=2"}],"curies":[{"name":"wp","href":"https:\/\/api.w.org\/{rel}","templated":true}]}}