{"id":114,"date":"2013-08-16T21:14:09","date_gmt":"2013-08-17T01:14:09","guid":{"rendered":"http:\/\/globewomen.org\/trapezoid\/?page_id=114"},"modified":"2023-08-09T13:05:21","modified_gmt":"2023-08-09T17:05:21","slug":"host-committee","status":"publish","type":"page","link":"https:\/\/globewomen.org\/globalsummit\/sample-page\/host-committee\/","title":{"rendered":"2014 Host Committee"},"content":{"rendered":"<p><strong><span style=\"color: #000000;\">The 2014 Global Summit of Women Host Committee\u00a0is comprised of leaders from across French business, government, and civil society. Their impressive credentials, global connections, and commitment to the Summit are laying the groundwork for an unforgettable event in Paris in 2014.<\/span><\/strong><\/p>\n<p align=\"center\"><strong><span style=\"color: #000000;\">CHAIR: Hon. Minister Najat VALLAUD-BELKACEM<br \/>\n<em>Ministry of Women\u2019s Rights<\/em><i>\u00a0<\/i><\/span><\/strong><\/p>\n<p style=\"text-align: center;\" align=\"center\"><strong><span style=\"color: #000000;\">Isabelle GOUGENHEIM<i>, Delegate to Organization of Global Summit of Women, Ministry of Women&#8217;s Rights<\/i><i>\u00a0<\/i><\/span><\/strong><\/p>\n<p style=\"text-align: left; padding-left: 30px;\" align=\"center\"><strong><span style=\"color: #000000;\">Catherine ARGILLIER<i>, President, Itwell<\/i><i>\u00a0<\/i><\/span><\/strong><\/p>\n<p style=\"text-align: left; padding-left: 30px;\" align=\"center\"><strong><span style=\"color: #000000;\">Aline AUBERTIN<i>, President, Femmes Ingenieurs Association (French Women Engineers Association)<\/i><\/span><\/strong><\/p>\n<p style=\"text-align: left; padding-left: 30px;\" align=\"center\"><strong><span style=\"color: #000000;\">Angelie BARAL<i>, President, Association Femmes &amp; D\u00e9veloppement Durable<\/i><\/span><\/strong><\/p>\n<p style=\"text-align: left; padding-left: 30px;\" align=\"center\"><strong><span style=\"color: #000000;\">Patrice BEGAY<i>, Executive Director, Communication Department, Bpifrance <\/i><\/span><\/strong><\/p>\n<p style=\"text-align: left; padding-left: 30px;\" align=\"center\"><strong><span style=\"color: #000000;\">Sandy BEKY<i>, Co-President, European Professional Women\u2019s Network (EPWN)<\/i><\/span><\/strong><\/p>\n<p style=\"text-align: left; padding-left: 30px;\" align=\"center\"><strong><span style=\"color: #000000;\">Elysabeth BENALI<i>, President, France Paratonnerres SAS<\/i><\/span><\/strong><\/p>\n<p style=\"text-align: left; padding-left: 30px;\" align=\"center\"><strong><span style=\"color: #000000;\">Joanna BOUISSOU<i>, Marketing Officer, HSBC France<\/i><\/span><\/strong><\/p>\n<p style=\"text-align: left; padding-left: 30px;\" align=\"center\"><strong><span style=\"color: #000000;\">Brigitte CANTINEAU<i>, President, Teamwork<\/i><\/span><\/strong><\/p>\n<p style=\"text-align: left; padding-left: 30px;\" align=\"center\"><strong><span style=\"color: #000000;\">St\u00e9phanie CARDOT<i>, President, Todotoday<\/i><\/span><\/strong><\/p>\n<p style=\"text-align: left; padding-left: 30px;\" align=\"center\"><strong><span style=\"color: #000000;\">Aude CARLIER<i>, President, Algenics<\/i><\/span><\/strong><\/p>\n<p style=\"text-align: left; padding-left: 30px;\" align=\"center\"><strong><span style=\"color: #000000;\">Armelle CARMINATI-RABASSE<i>,<\/i><i> Chief Resources Officer, Uuibail-Rodamco<\/i><\/span><\/strong><\/p>\n<p style=\"text-align: left; padding-left: 30px;\" align=\"center\"><strong><span style=\"color: #000000;\">Christine CLUZEL<i>, Marketing Manager, IBM<\/i><\/span><\/strong><\/p>\n<p style=\"text-align: left; padding-left: 30px;\" align=\"center\"><strong><span style=\"color: #000000;\">B\u00e9atrice CORNIC<i>, CEO, Espace Pur<\/i><\/span><\/strong><\/p>\n<p style=\"text-align: left; padding-left: 30px;\" align=\"center\"><strong><span style=\"color: #000000;\">Martha CRAWFORD-HEITZMANN<i>, Sr. Executive Vice-President, Research and Development, AREVA<\/i><\/span><\/strong><\/p>\n<p style=\"text-align: left; padding-left: 30px;\" align=\"center\"><strong><span style=\"color: #000000;\">Valerie DAGAND<i>, President, Cyberelles<\/i><\/span><\/strong><\/p>\n<p style=\"text-align: left; padding-left: 30px;\" align=\"center\"><strong><span style=\"color: #000000;\">Anne DE BLIGNI\u00c8RES<i>, Senior Advisor to the Board, Caisse des D\u00e9p\u00f4ts &amp; Co-President, Financi\u2019Elles<\/i><\/span><\/strong><\/p>\n<p style=\"text-align: left; padding-left: 30px;\" align=\"center\"><strong><span style=\"color: #000000;\">Muriel DE SAINT SAUVEUR<i>, Director of International Marketing, Mazars<\/i><\/span><\/strong><\/p>\n<p style=\"text-align: left; padding-left: 30px;\" align=\"center\"><strong><span style=\"color: #000000;\">Laurent DEPOND<i>, VP, Diversity &amp; Inclusion, Orange<\/i><\/span><\/strong><\/p>\n<p style=\"text-align: left; padding-left: 30px;\" align=\"center\"><strong><span style=\"color: #000000;\">Mercedes ERRA<i>, Founder, BETC; President, Havas Worldwide<\/i><\/span><\/strong><\/p>\n<p style=\"text-align: left; padding-left: 30px;\" align=\"center\"><strong><span style=\"color: #000000;\">Nancy GOMEZ<i>, President, Carnot Digital &amp; Chair, GSW France<\/i><i>\u00a0<\/i><\/span><\/strong><\/p>\n<p style=\"text-align: left; padding-left: 30px;\" align=\"center\"><strong><span style=\"color: #000000;\">Edouard-Malo HENRY<i>, Group Head of Human Resources, Soci\u00e9t\u00e9 G\u00e9n\u00e9rale<\/i><\/span><\/strong><\/p>\n<p style=\"text-align: left; padding-left: 30px;\" align=\"center\"><strong><span style=\"color: #000000;\">Corinne HIRSCH<i>, Co-Founder and Board Member, Laboratoire de L&#8217;egalite<\/i><\/span><\/strong><\/p>\n<p style=\"text-align: left; padding-left: 30px;\" align=\"center\"><strong><span style=\"color: #000000;\">Catherine LADOUSSE<i>, <\/i><em>Executive Director Communications EMEA, Lenovo; and\u00a0<\/em><em>President, Cercle InterElles<\/em><\/span><\/strong><\/p>\n<p style=\"text-align: left; padding-left: 30px;\" align=\"center\"><strong><span style=\"color: #000000;\">Carol LAMBERT<i>, <\/i><i>Partner, Deloitte France<\/i><\/span><\/strong><\/p>\n<p style=\"text-align: left; padding-left: 30px;\" align=\"center\"><strong><span style=\"color: #000000;\">Marie-Christine LANNE<i>, Head of Communications, Generali France \/ Femmes et D\u00e9veloppement Durable<\/i><\/span><\/strong><\/p>\n<p style=\"text-align: left; padding-left: 30px;\" align=\"center\"><strong><span style=\"color: #000000;\">B\u00e9atrice LANSON<i>, President, F\u00e9minin Pluriel<\/i><\/span><\/strong><\/p>\n<p style=\"text-align: left; padding-left: 30px;\" align=\"center\"><strong><span style=\"color: #000000;\">Agnes LENOIR<i>, President, Actiplast<\/i><\/span><\/strong><\/p>\n<p style=\"text-align: left; padding-left: 30px;\" align=\"center\"><strong><span style=\"color: #000000;\">Adeline LESCANNE-GAUTIER<i>, Managing Director, Nutriset<\/i><\/span><\/strong><\/p>\n<p style=\"text-align: left; padding-left: 30px;\" align=\"center\"><strong><span style=\"color: #000000;\">Martine LIAUTAUD<i>, Founder &amp; President, WBMI<br \/>\n<\/i><\/span><\/strong><\/p>\n<p style=\"text-align: left; padding-left: 30px;\" align=\"center\"><strong><span style=\"color: #000000;\">Cristina LUNGHI<i>, President, Arborus<\/i><\/span><\/strong><\/p>\n<p style=\"text-align: left; padding-left: 30px;\" align=\"center\"><strong><span style=\"color: #000000;\">Marie-Christine MAHEAS<i>, Project Lead, Engaging With Men, European Professional Women&#8217;s Network<\/i><\/span><\/strong><\/p>\n<p style=\"text-align: left; padding-left: 30px;\" align=\"center\"><strong><span style=\"color: #000000;\">Claire MARTIN<i>, Vice Pres of Corporate Social Responsibility and Managing Director of the Renault Foundation, Renault<\/i><\/span><\/strong><\/p>\n<p style=\"text-align: left; padding-left: 30px;\" align=\"center\"><strong><span style=\"color: #000000;\">Isabelle MICHEL-MAGYAR<i>, VP, Employee Engagement &amp; Diversity, Schneider Electric<\/i><\/span><\/strong><\/p>\n<p style=\"text-align: left; padding-left: 30px;\" align=\"center\"><strong><span style=\"color: #000000;\">Jean-Michel MONNOT<i>,<\/i><i> VP, Group Diversity &amp; Inclusion, Sodexo<\/i><\/span><\/strong><\/p>\n<p style=\"text-align: left; padding-left: 30px;\" align=\"center\"><strong><span style=\"color: #000000;\">Gianmarco MONSELLATO<i>, CEO, Taj<\/i><\/span><\/strong><\/p>\n<p style=\"text-align: left; padding-left: 30px;\" align=\"center\"><strong><span style=\"color: #000000;\">Marie-Christine OGHLY<i>, President, FCEM France<\/i><\/span><\/strong><\/p>\n<p style=\"text-align: left; padding-left: 30px;\" align=\"center\"><strong><span style=\"color: #000000;\">Stephanie OUEDA<i>, International Diversity Manager, L&#8217;Oreal<\/i><i>\u00a0<\/i><\/span><\/strong><\/p>\n<p style=\"text-align: left; padding-left: 30px;\" align=\"center\"><strong><span style=\"color: #000000;\">Muriel PENICAUD<i>, Chair, Danone Ecosystem Fund; and Chair, AgroParis Tech<\/i><\/span><\/strong><\/p>\n<p style=\"text-align: left; padding-left: 30px;\" align=\"center\"><strong><span style=\"color: #000000;\"><i>\u00a0<\/i>Laurence RECKFORD<i>, Head, Diversity Department, Total S.A.<\/i><\/span><\/strong><\/p>\n<p style=\"text-align: left; padding-left: 30px;\" align=\"center\"><strong><span style=\"color: #000000;\">Clarisse REILLE<i>, <\/i><i>President, Grandes Ecoles au F\u00e9minin<\/i><\/span><\/strong><\/p>\n<p style=\"text-align: left; padding-left: 30px;\" align=\"center\"><strong><span style=\"color: #000000;\">Elisabeth RICHARD<i>, Head of Internal Motivation, In charge of leadership for women of GDF Suez alongside Valerie Bernis, GDF SUEZ<\/i><\/span><\/strong><\/p>\n<p style=\"text-align: left; padding-left: 30px;\" align=\"center\"><strong><span style=\"color: #000000;\">Christine ROBICHON<i>, President, BPW France<\/i><\/span><\/strong><\/p>\n<p style=\"text-align: left; padding-left: 30px;\" align=\"center\"><strong><span style=\"color: #000000;\">Thaima SAMMAN<i>, President, WIL Europe<\/i><\/span><\/strong><\/p>\n<p style=\"text-align: left; padding-left: 30px;\" align=\"center\"><strong><span style=\"color: #000000;\">Gisele SZCZYGLAK<i>, <\/i><em>President of Suppl\u00e9ment d\u2019Elles<\/em><\/span><\/strong><\/p>\n<p style=\"text-align: left; padding-left: 30px;\" align=\"center\"><strong><span style=\"color: #000000;\">Val\u00e9rie TANDEAU DE MARSAC<i>, President, voxfemina<\/i><i>\u00a0<\/i><\/span><\/strong><\/p>\n<p style=\"text-align: left; padding-left: 30px;\" align=\"center\"><strong><span style=\"color: #000000;\">Nathalie TOURNYOL DU CLOS<i>, Bureau Chief, Women&#8217;s Rights, Ministry of Women&#8217;s Rights<\/i><i>\u00a0<\/i><\/span><\/strong><\/p>\n<p style=\"text-align: left; padding-left: 30px;\" align=\"center\"><strong><span style=\"color: #000000;\">Sophie VERNAY<i>, Founder of Honor, Financi\u2019Elles<\/i><\/span><\/strong><\/p>\n<p style=\"text-align: left; padding-left: 30px;\" align=\"center\"><strong><span style=\"color: #000000;\">Elisabeth YOUNG<i>, President, WAVE &#8211; WoMen and Vehicles in Europe<\/i><\/span><\/strong><\/p>\n","protected":false},"excerpt":{"rendered":"<p>The 2014 Global Summit of Women Host Committee\u00a0is comprised of leaders from across French business, government, and civil society. Their impressive credentials, global connections, and commitment to the Summit are laying the groundwork for&#46;&#46;&#46;<\/p>\n","protected":false},"author":1,"featured_media":0,"parent":2,"menu_order":0,"comment_status":"open","ping_status":"closed","template":"","meta":{"footnotes":""},"class_list":["post-114","page","type-page","status-publish","hentry"],"_links":{"self":[{"href":"https:\/\/globewomen.org\/globalsummit\/wp-json\/wp\/v2\/pages\/114","targetHints":{"allow":["GET"]}}],"collection":[{"href":"https:\/\/globewomen.org\/globalsummit\/wp-json\/wp\/v2\/pages"}],"about":[{"href":"https:\/\/globewomen.org\/globalsummit\/wp-json\/wp\/v2\/types\/page"}],"author":[{"embeddable":true,"href":"https:\/\/globewomen.org\/globalsummit\/wp-json\/wp\/v2\/users\/1"}],"replies":[{"embeddable":true,"href":"https:\/\/globewomen.org\/globalsummit\/wp-json\/wp\/v2\/comments?post=114"}],"version-history":[{"count":6,"href":"https:\/\/globewomen.org\/globalsummit\/wp-json\/wp\/v2\/pages\/114\/revisions"}],"predecessor-version":[{"id":57014,"href":"https:\/\/globewomen.org\/globalsummit\/wp-json\/wp\/v2\/pages\/114\/revisions\/57014"}],"up":[{"embeddable":true,"href":"https:\/\/globewomen.org\/globalsummit\/wp-json\/wp\/v2\/pages\/2"}],"wp:attachment":[{"href":"https:\/\/globewomen.org\/globalsummit\/wp-json\/wp\/v2\/media?parent=114"}],"curies":[{"name":"wp","href":"https:\/\/api.w.org\/{rel}","templated":true}]}}